{"id":29376,"date":"2020-03-08T09:44:05","date_gmt":"2020-03-08T08:44:05","guid":{"rendered":"http:\/\/www.ecole-de-voile.ch\/?page_id=29376"},"modified":"2025-09-27T16:08:42","modified_gmt":"2025-09-27T14:08:42","slug":"documents-cours-permis-mer","status":"publish","type":"page","link":"http:\/\/www.ecole-de-voile.ch\/en\/documents-cours-permis-mer\/","title":{"rendered":"DOCUMENTS COURS PERMIS MER"},"content":{"rendered":"","protected":true},"excerpt":{"rendered":"","protected":true},"author":1,"featured_media":0,"parent":0,"menu_order":0,"comment_status":"closed","ping_status":"closed","template":"","meta":{"_et_pb_use_builder":"on","_et_pb_old_content":"","_et_gb_content_width":"","footnotes":""},"class_list":["post-29376","page","type-page","status-publish","post-password-required","hentry"],"yoast_head":"<!-- This site is optimized with the Yoast SEO plugin v27.5 - https:\/\/yoast.com\/product\/yoast-seo-wordpress\/ -->\n<title>DOCUMENTS COURS PERMIS MER - ECOLE DE VOILE D&#039;OUCHY<\/title>\n<meta name=\"description\" content=\"Cours th\u00e9oriques du permis mer suisse sur 5 SAMEDIS. Pr\u00e9paration \u00e0 l&#039;examen pour du certificat suisse de capacit\u00e9 pour la conduite de yachts en mer.\" \/>\n<meta name=\"robots\" content=\"index, follow, max-snippet:-1, max-image-preview:large, max-video-preview:-1\" \/>\n<link rel=\"canonical\" href=\"http:\/\/www.ecole-de-voile.ch\/en\/documents-cours-permis-mer\/\" \/>\n<meta property=\"og:locale\" content=\"en_GB\" \/>\n<meta property=\"og:type\" content=\"article\" \/>\n<meta property=\"og:title\" content=\"DOCUMENTS COURS PERMIS MER - ECOLE DE VOILE D&#039;OUCHY\" \/>\n<meta property=\"og:description\" content=\"Cours th\u00e9oriques du permis mer suisse sur 5 SAMEDIS. Pr\u00e9paration \u00e0 l&#039;examen pour du certificat suisse de capacit\u00e9 pour la conduite de yachts en mer.\" \/>\n<meta property=\"og:url\" content=\"http:\/\/www.ecole-de-voile.ch\/en\/documents-cours-permis-mer\/\" \/>\n<meta property=\"og:site_name\" content=\"ECOLE DE VOILE D&#039;OUCHY\" \/>\n<meta property=\"article:publisher\" content=\"https:\/\/www.facebook.com\/ecoledevoileouchy\/\" \/>\n<meta property=\"article:modified_time\" content=\"2025-09-27T14:08:42+00:00\" \/>\n<meta name=\"twitter:card\" content=\"summary_large_image\" \/>\n<meta name=\"twitter:label1\" content=\"Estimated reading time\" \/>\n\t<meta name=\"twitter:data1\" content=\"1 minute\" \/>\n<script type=\"application\/ld+json\" class=\"yoast-schema-graph\">{\"@context\":\"https:\\\/\\\/schema.org\",\"@graph\":[{\"@type\":\"WebPage\",\"@id\":\"http:\\\/\\\/www.ecole-de-voile.ch\\\/documents-cours-permis-mer\\\/\",\"url\":\"http:\\\/\\\/www.ecole-de-voile.ch\\\/documents-cours-permis-mer\\\/\",\"name\":\"DOCUMENTS COURS PERMIS MER - ECOLE DE VOILE D&#039;OUCHY\",\"isPartOf\":{\"@id\":\"https:\\\/\\\/www.ecole-de-voile.ch\\\/#website\"},\"datePublished\":\"2020-03-08T08:44:05+00:00\",\"dateModified\":\"2025-09-27T14:08:42+00:00\",\"breadcrumb\":{\"@id\":\"http:\\\/\\\/www.ecole-de-voile.ch\\\/documents-cours-permis-mer\\\/#breadcrumb\"},\"inLanguage\":\"en-GB\"},{\"@type\":\"WebSite\",\"@id\":\"https:\\\/\\\/www.ecole-de-voile.ch\\\/#website\",\"url\":\"https:\\\/\\\/www.ecole-de-voile.ch\\\/\",\"name\":\"ECOLE DE VOILE OUCHY\",\"description\":\"Du permis voile et moteur lac au permis mer !\",\"publisher\":{\"@id\":\"https:\\\/\\\/www.ecole-de-voile.ch\\\/#organization\"},\"potentialAction\":[{\"@type\":\"SearchAction\",\"target\":{\"@type\":\"EntryPoint\",\"urlTemplate\":\"https:\\\/\\\/www.ecole-de-voile.ch\\\/?s={search_term_string}\"},\"query-input\":{\"@type\":\"PropertyValueSpecification\",\"valueRequired\":true,\"valueName\":\"search_term_string\"}}],\"inLanguage\":\"en-GB\"},{\"@type\":\"Organization\",\"@id\":\"https:\\\/\\\/www.ecole-de-voile.ch\\\/#organization\",\"name\":\"Ecole de Voile d'Ouchy\",\"url\":\"https:\\\/\\\/www.ecole-de-voile.ch\\\/\",\"logo\":{\"@type\":\"ImageObject\",\"inLanguage\":\"en-GB\",\"@id\":\"https:\\\/\\\/www.ecole-de-voile.ch\\\/#\\\/schema\\\/logo\\\/image\\\/\",\"url\":\"http:\\\/\\\/www.ecole-de-voile.ch\\\/wp-content\\\/uploads\\\/2020\\\/02\\\/LOGO_NEW_ECOLE_SITE.png\",\"contentUrl\":\"http:\\\/\\\/www.ecole-de-voile.ch\\\/wp-content\\\/uploads\\\/2020\\\/02\\\/LOGO_NEW_ECOLE_SITE.png\",\"width\":1702,\"height\":196,\"caption\":\"Ecole de Voile d'Ouchy\"},\"image\":{\"@id\":\"https:\\\/\\\/www.ecole-de-voile.ch\\\/#\\\/schema\\\/logo\\\/image\\\/\"},\"sameAs\":[\"https:\\\/\\\/www.facebook.com\\\/ecoledevoileouchy\\\/\",\"https:\\\/\\\/www.instagram.com\\\/ecoledevoileouchy\\\/?hl=fr\"]}]}<\/script>\n<!-- \/ Yoast SEO plugin. -->","yoast_head_json":{"title":"DOCUMENTS COURS PERMIS MER - ECOLE DE VOILE D&#039;OUCHY","description":"Cours th\u00e9oriques du permis mer suisse sur 5 SAMEDIS. Pr\u00e9paration \u00e0 l'examen pour du certificat suisse de capacit\u00e9 pour la conduite de yachts en mer.","robots":{"index":"index","follow":"follow","max-snippet":"max-snippet:-1","max-image-preview":"max-image-preview:large","max-video-preview":"max-video-preview:-1"},"canonical":"http:\/\/www.ecole-de-voile.ch\/en\/documents-cours-permis-mer\/","og_locale":"en_GB","og_type":"article","og_title":"DOCUMENTS COURS PERMIS MER - ECOLE DE VOILE D&#039;OUCHY","og_description":"Cours th\u00e9oriques du permis mer suisse sur 5 SAMEDIS. Pr\u00e9paration \u00e0 l'examen pour du certificat suisse de capacit\u00e9 pour la conduite de yachts en mer.","og_url":"http:\/\/www.ecole-de-voile.ch\/en\/documents-cours-permis-mer\/","og_site_name":"ECOLE DE VOILE D&#039;OUCHY","article_publisher":"https:\/\/www.facebook.com\/ecoledevoileouchy\/","article_modified_time":"2025-09-27T14:08:42+00:00","twitter_card":"summary_large_image","twitter_misc":{"Estimated reading time":"1 minute"},"schema":{"@context":"https:\/\/schema.org","@graph":[{"@type":"WebPage","@id":"http:\/\/www.ecole-de-voile.ch\/documents-cours-permis-mer\/","url":"http:\/\/www.ecole-de-voile.ch\/documents-cours-permis-mer\/","name":"DOCUMENTS COURS PERMIS MER - ECOLE DE VOILE D&#039;OUCHY","isPartOf":{"@id":"https:\/\/www.ecole-de-voile.ch\/#website"},"datePublished":"2020-03-08T08:44:05+00:00","dateModified":"2025-09-27T14:08:42+00:00","breadcrumb":{"@id":"http:\/\/www.ecole-de-voile.ch\/documents-cours-permis-mer\/#breadcrumb"},"inLanguage":"en-GB"},{"@type":"WebSite","@id":"https:\/\/www.ecole-de-voile.ch\/#website","url":"https:\/\/www.ecole-de-voile.ch\/","name":"ECOLE DE VOILE OUCHY","description":"Du permis voile et moteur lac au permis mer !","publisher":{"@id":"https:\/\/www.ecole-de-voile.ch\/#organization"},"potentialAction":[{"@type":"SearchAction","target":{"@type":"EntryPoint","urlTemplate":"https:\/\/www.ecole-de-voile.ch\/?s={search_term_string}"},"query-input":{"@type":"PropertyValueSpecification","valueRequired":true,"valueName":"search_term_string"}}],"inLanguage":"en-GB"},{"@type":"Organization","@id":"https:\/\/www.ecole-de-voile.ch\/#organization","name":"Ecole de Voile d'Ouchy","url":"https:\/\/www.ecole-de-voile.ch\/","logo":{"@type":"ImageObject","inLanguage":"en-GB","@id":"https:\/\/www.ecole-de-voile.ch\/#\/schema\/logo\/image\/","url":"http:\/\/www.ecole-de-voile.ch\/wp-content\/uploads\/2020\/02\/LOGO_NEW_ECOLE_SITE.png","contentUrl":"http:\/\/www.ecole-de-voile.ch\/wp-content\/uploads\/2020\/02\/LOGO_NEW_ECOLE_SITE.png","width":1702,"height":196,"caption":"Ecole de Voile d'Ouchy"},"image":{"@id":"https:\/\/www.ecole-de-voile.ch\/#\/schema\/logo\/image\/"},"sameAs":["https:\/\/www.facebook.com\/ecoledevoileouchy\/","https:\/\/www.instagram.com\/ecoledevoileouchy\/?hl=fr"]}]}},"_links":{"self":[{"href":"http:\/\/www.ecole-de-voile.ch\/en\/wp-json\/wp\/v2\/pages\/29376","targetHints":{"allow":["GET"]}}],"collection":[{"href":"http:\/\/www.ecole-de-voile.ch\/en\/wp-json\/wp\/v2\/pages"}],"about":[{"href":"http:\/\/www.ecole-de-voile.ch\/en\/wp-json\/wp\/v2\/types\/page"}],"author":[{"embeddable":true,"href":"http:\/\/www.ecole-de-voile.ch\/en\/wp-json\/wp\/v2\/users\/1"}],"replies":[{"embeddable":true,"href":"http:\/\/www.ecole-de-voile.ch\/en\/wp-json\/wp\/v2\/comments?post=29376"}],"version-history":[{"count":26,"href":"http:\/\/www.ecole-de-voile.ch\/en\/wp-json\/wp\/v2\/pages\/29376\/revisions"}],"predecessor-version":[{"id":1127125,"href":"http:\/\/www.ecole-de-voile.ch\/en\/wp-json\/wp\/v2\/pages\/29376\/revisions\/1127125"}],"wp:attachment":[{"href":"http:\/\/www.ecole-de-voile.ch\/en\/wp-json\/wp\/v2\/media?parent=29376"}],"curies":[{"name":"wp","href":"https:\/\/api.w.org\/{rel}","templated":true}]}}