{"id":1097088,"date":"2025-09-11T13:51:27","date_gmt":"2025-09-11T11:51:27","guid":{"rendered":"https:\/\/www.ecole-de-voile.ch\/?page_id=1097088"},"modified":"2026-03-04T14:12:39","modified_gmt":"2026-03-04T13:12:39","slug":"paiements","status":"publish","type":"page","link":"https:\/\/www.ecole-de-voile.ch\/en\/paiements\/","title":{"rendered":"PAYMENTS"},"content":{"rendered":"<p>[et_pb_section fb_built=&#8221;1&#8243; admin_label=&#8221;section&#8221; _builder_version=&#8221;3.22&#8243;][et_pb_row _builder_version=&#8221;4.2&#8243; width=&#8221;70%&#8221; border_width_all=&#8221;2px&#8221;][et_pb_column type=&#8221;4_4&#8243; _builder_version=&#8221;4.2&#8243;][et_pb_text _builder_version=&#8221;4.2&#8243; hover_enabled=&#8221;0&#8243;]<\/p>\n<h2 style=\"text-align: center;\"><strong>Merci de s\u00e9lectionner<br \/>le mode de paiement ci-dessous\u00a0\u2b07\ufe0f<br \/> <\/strong><span style=\"font-size: 14px;\"><strong>L&#8217;\u00c9COLE DE VOILE D&#8217;OUCHY vous remercie et se r\u00e9jouit de vous retrouver prochainement !<\/strong><\/span><\/h2>\n<p style=\"text-align: center;\">\n[\/et_pb_text][\/et_pb_column][\/et_pb_row][et_pb_row column_structure=&#8221;1_2,1_2&#8243; _builder_version=&#8221;4.2&#8243;][et_pb_column type=&#8221;1_2&#8243; _builder_version=&#8221;4.2&#8243;][et_pb_text _builder_version=&#8221;4.2&#8243; border_width_all=&#8221;2px&#8221;]<\/p>\n<h1 style=\"text-align: center;\"><strong>PAIEMENT PAR VIREMENT BANCAIRE<br \/> <\/strong><\/h1>\n<p style=\"text-align: center;\">Veuillez scanner le code QR avec votre application de paiement (UBS-PostFinance-BCV-Etc\u2026)\u00a0exactement comme vous le feriez pour une facture, puis INDIQUEZ le montant correspondant au forfait de votre choix !\u00a0<em>Ce code QR ne fonctionne pas avec twint.<\/em><\/p>\n<p style=\"text-align: center;\">Cliquez sur l\u2019image pour agrandir<\/p>\n<p style=\"text-align: center;\"><a href=\"http:\/\/www.ecole-de-voile.ch\/wp-content\/uploads\/2024\/03\/QR-Payment_UBS.jpg\"><img fetchpriority=\"high\" decoding=\"async\" src=\"http:\/\/www.ecole-de-voile.ch\/wp-content\/uploads\/2024\/03\/QR-Payment_UBS-300x216.jpg\" width=\"361\" height=\"260\" alt=\"\" class=\"wp-image-242634 aligncenter size-medium\" \/><\/a><\/p>\n<p style=\"text-align: center;\"><i>T\u00e9l\u00e9chargez le CODE QR en image :<span>\u00a0<\/span><a href=\"http:\/\/www.ecole-de-voile.ch\/wp-content\/uploads\/2024\/03\/CodeQR-Payment_UBS.jpg\">CLIQUEZ-ICI<br \/> <\/a><\/i><i>T\u00e9l\u00e9chargez le CODE QR au format PDF :<span>\u00a0<\/span><a href=\"https:\/\/www.ecole-de-voile.ch\/wp-content\/uploads\/2024\/03\/CODE-QR-PAIEMENT-UBS-CHF.pdf\">CLIQUEZ-ICI<\/a><\/i><\/p>\n<p>[\/et_pb_text][\/et_pb_column][et_pb_column type=&#8221;1_2&#8243; _builder_version=&#8221;4.2&#8243;][et_pb_text _builder_version=&#8221;4.2&#8243; hover_enabled=&#8221;0&#8243; border_width_all=&#8221;2px&#8221;]<\/p>\n<h1 style=\"text-align: center;\"><strong>PAIEMENT PAR TWINT<br \/> <\/strong><\/h1>\n<p style=\"text-align: center;\">1. Cliquez sur le bouton &#8221;Pay with TWINT&#8221; ci-dessous<br \/> 2. Ouvrez votre application TWINT<br \/> 3. Saisissez les informations demand\u00e9es et indiquer le montant du forfait de votre choix<\/p>\n<p style=\"text-align: center;\"><button style=\"width: auto; height: 58px; border-radius: 6px; display: flex; justify-content: center; cursor: pointer; background-color: transparent; border: none; align-items: center;\" onclick=\"window.open('https:\/\/go.twint.ch\/1\/e\/tw?tw=acq.ggXf2H39R-uEmnESZZ2PWO7SKCaHfKAGuesJkUKZwhxrujo_oZ7YMATFNnW1kKis.', '_blank')\"><br \/> <img decoding=\"async\" style=\"width: auto; height: 58px;\" alt=\"Embedded TWINT button\" src=\"https:\/\/go.twint.ch\/static\/img\/button_dark_en.svg\" \/><\/button><\/p>\n<p style=\"text-align: center;\">\n<p style=\"text-align: center;\">\n<p style=\"text-align: center;\">\n[\/et_pb_text][\/et_pb_column][\/et_pb_row][et_pb_row _builder_version=&#8221;4.2&#8243;][et_pb_column type=&#8221;4_4&#8243; _builder_version=&#8221;4.2&#8243;][et_pb_text _builder_version=&#8221;4.2&#8243; border_width_all=&#8221;2px&#8221;]<\/p>\n<h1 style=\"text-align: center;\"><b>VOUS SOUHAITEZ PAYER PAR<\/b><\/h1>\n<h1 style=\"text-align: center;\"><b>CARTE CR\u00c9DIT\/D\u00c9BIT ?<\/b><\/h1>\n<p style=\"text-align: center;\"><strong>Afin que nous puissions attribuer chaque paiement \u00e0 chaque \u00e9l\u00e8ve,<br \/> merci de bien vouloir compl\u00e9ter le formulaire ci-dessous\u00a0\u2b07\ufe0f<br \/> <span style=\"text-decoration: underline;\">il vous m\u00e8nera directement \u00e0 la page de paiement en ligne &#8212;&gt; MasterCard\/Visa\/Etc&#8230;<br \/> <\/span><\/strong><span style=\"font-size: 14px;\"><strong>L&#8217;\u00c9COLE DE VOILE D&#8217;OUCHY vous remercie<br \/> et se r\u00e9jouit de vous retrouver prochainement !<\/strong><\/span><\/p>\n<p style=\"text-align: center;\">[\/et_pb_text][et_pb_contact_form email=&#8221;alexandre@ecole-de-voile.ch&#8221; custom_message=&#8221;UNE PERSONNE A REMPLI LE FORMULAIRE POUR ACCEDER A LA PAGE DE PAIEMENT !!!||et_pb_line_break_holder||||et_pb_line_break_holder||Nom: %%Name%%||et_pb_line_break_holder||E-mail: %%Email%%||et_pb_line_break_holder||Tel: %%Telephone%%||et_pb_line_break_holder||Message: %%Message%%&#8221; use_redirect=&#8221;on&#8221; redirect_url=&#8221;https:\/\/www.ecole-de-voile.ch\/forfaits\/&#8221; submit_button_text=&#8221;ACC\u00c8DER \u00c0 LA PAGE DE PAIEMENT&#8221; _builder_version=&#8221;4.2&#8243; border_width_all=&#8221;2px&#8221;][et_pb_contact_field field_id=&#8221;Name&#8221; field_title=&#8221;Nom + Pr\u00e9nom (requis)&#8221; _builder_version=&#8221;4.2&#8243; button_text_size__hover_enabled=&#8221;off&#8221; button_one_text_size__hover_enabled=&#8221;off&#8221; button_two_text_size__hover_enabled=&#8221;off&#8221; button_text_color__hover_enabled=&#8221;off&#8221; button_one_text_color__hover_enabled=&#8221;off&#8221; button_two_text_color__hover_enabled=&#8221;off&#8221; button_border_width__hover_enabled=&#8221;off&#8221; button_one_border_width__hover_enabled=&#8221;off&#8221; button_two_border_width__hover_enabled=&#8221;off&#8221; button_border_color__hover_enabled=&#8221;off&#8221; button_one_border_color__hover_enabled=&#8221;off&#8221; button_two_border_color__hover_enabled=&#8221;off&#8221; button_border_radius__hover_enabled=&#8221;off&#8221; button_one_border_radius__hover_enabled=&#8221;off&#8221; button_two_border_radius__hover_enabled=&#8221;off&#8221; button_letter_spacing__hover_enabled=&#8221;off&#8221; button_one_letter_spacing__hover_enabled=&#8221;off&#8221; button_two_letter_spacing__hover_enabled=&#8221;off&#8221; button_bg_color__hover_enabled=&#8221;off&#8221; button_one_bg_color__hover_enabled=&#8221;off&#8221; button_two_bg_color__hover_enabled=&#8221;off&#8221;][\/et_pb_contact_field][et_pb_contact_field field_id=&#8221;Email&#8221; field_title=&#8221;Adresse e-mail (requis)&#8221; field_type=&#8221;email&#8221; _builder_version=&#8221;4.2&#8243; button_text_size__hover_enabled=&#8221;off&#8221; button_one_text_size__hover_enabled=&#8221;off&#8221; button_two_text_size__hover_enabled=&#8221;off&#8221; button_text_color__hover_enabled=&#8221;off&#8221; button_one_text_color__hover_enabled=&#8221;off&#8221; button_two_text_color__hover_enabled=&#8221;off&#8221; button_border_width__hover_enabled=&#8221;off&#8221; button_one_border_width__hover_enabled=&#8221;off&#8221; button_two_border_width__hover_enabled=&#8221;off&#8221; button_border_color__hover_enabled=&#8221;off&#8221; button_one_border_color__hover_enabled=&#8221;off&#8221; button_two_border_color__hover_enabled=&#8221;off&#8221; button_border_radius__hover_enabled=&#8221;off&#8221; button_one_border_radius__hover_enabled=&#8221;off&#8221; button_two_border_radius__hover_enabled=&#8221;off&#8221; button_letter_spacing__hover_enabled=&#8221;off&#8221; button_one_letter_spacing__hover_enabled=&#8221;off&#8221; button_two_letter_spacing__hover_enabled=&#8221;off&#8221; button_bg_color__hover_enabled=&#8221;off&#8221; button_one_bg_color__hover_enabled=&#8221;off&#8221; button_two_bg_color__hover_enabled=&#8221;off&#8221;][\/et_pb_contact_field][et_pb_contact_field field_id=&#8221;Telephone&#8221; field_title=&#8221;Telephone (requis)&#8221; _builder_version=&#8221;4.2&#8243; button_text_size__hover_enabled=&#8221;off&#8221; button_one_text_size__hover_enabled=&#8221;off&#8221; button_two_text_size__hover_enabled=&#8221;off&#8221; button_text_color__hover_enabled=&#8221;off&#8221; button_one_text_color__hover_enabled=&#8221;off&#8221; button_two_text_color__hover_enabled=&#8221;off&#8221; button_border_width__hover_enabled=&#8221;off&#8221; button_one_border_width__hover_enabled=&#8221;off&#8221; button_two_border_width__hover_enabled=&#8221;off&#8221; button_border_color__hover_enabled=&#8221;off&#8221; button_one_border_color__hover_enabled=&#8221;off&#8221; button_two_border_color__hover_enabled=&#8221;off&#8221; button_border_radius__hover_enabled=&#8221;off&#8221; button_one_border_radius__hover_enabled=&#8221;off&#8221; button_two_border_radius__hover_enabled=&#8221;off&#8221; button_letter_spacing__hover_enabled=&#8221;off&#8221; button_one_letter_spacing__hover_enabled=&#8221;off&#8221; button_two_letter_spacing__hover_enabled=&#8221;off&#8221; button_bg_color__hover_enabled=&#8221;off&#8221; button_one_bg_color__hover_enabled=&#8221;off&#8221; button_two_bg_color__hover_enabled=&#8221;off&#8221;][\/et_pb_contact_field][et_pb_contact_field field_id=&#8221;Message&#8221; field_title=&#8221;Inscrire ici votre message (optionnel)&#8221; required_mark=&#8221;off&#8221; _builder_version=&#8221;4.2&#8243;][\/et_pb_contact_field][\/et_pb_contact_form][\/et_pb_column][\/et_pb_row][et_pb_row _builder_version=&#8221;4.2&#8243;][et_pb_column type=&#8221;4_4&#8243; _builder_version=&#8221;4.2&#8243;][\/et_pb_column][\/et_pb_row][\/et_pb_section]<\/p>\n","protected":false},"excerpt":{"rendered":"<p>[et_pb_section fb_built=&#8221;1&#8243; admin_label=&#8221;section&#8221; _builder_version=&#8221;3.22&#8243;][et_pb_row _builder_version=&#8221;4.2&#8243; width=&#8221;70%&#8221; border_width_all=&#8221;2px&#8221;][et_pb_column type=&#8221;4_4&#8243; _builder_version=&#8221;4.2&#8243;][et_pb_text _builder_version=&#8221;4.2&#8243; hover_enabled=&#8221;0&#8243;] Merci de s\u00e9lectionnerle mode de paiement ci-dessous\u00a0\u2b07\ufe0f L&#8217;\u00c9COLE DE VOILE D&#8217;OUCHY vous remercie et se r\u00e9jouit de vous retrouver prochainement ! [\/et_pb_text][\/et_pb_column][\/et_pb_row][et_pb_row column_structure=&#8221;1_2,1_2&#8243; _builder_version=&#8221;4.2&#8243;][et_pb_column type=&#8221;1_2&#8243; _builder_version=&#8221;4.2&#8243;][et_pb_text _builder_version=&#8221;4.2&#8243; border_width_all=&#8221;2px&#8221;] PAIEMENT PAR VIREMENT BANCAIRE Veuillez scanner le code QR avec votre application de paiement (UBS-PostFinance-BCV-Etc\u2026)\u00a0exactement comme [&hellip;]<\/p>\n","protected":false},"author":1,"featured_media":0,"parent":0,"menu_order":0,"comment_status":"closed","ping_status":"closed","template":"","meta":{"_et_pb_use_builder":"on","_et_pb_old_content":"<!-- wp:paragraph -->\n<p> &lt;form action=\"https:\/\/www.mypos.eu\/vmp\/btn\/\" method=\"post\" target=\"_blank\">     &lt;input type=\"hidden\" name=\"button_id\" value=\"BSMEGYZ96VR59\"\/>     &lt;input type=\"image\" src=\"https:\/\/www.mypos.eu\/img\/vmypos\/sm\/btn-fr.png\" border=\"0\" name=\"submit\" alt=\"Pay\"\/> &lt;\/form> <\/p>\n<!-- \/wp:paragraph -->","_et_gb_content_width":"","footnotes":""},"class_list":["post-1097088","page","type-page","status-publish","hentry"],"yoast_head":"<!-- This site is optimized with the Yoast SEO plugin v27.4 - https:\/\/yoast.com\/product\/yoast-seo-wordpress\/ -->\n<title>PAIEMENTS - ECOLE DE VOILE D&#039;OUCHY<\/title>\n<meta name=\"description\" content=\"Apprenez \u00e0 naviguer en toute s\u00e9curit\u00e9 avec l&#039;\u00c9cole de Voile sur le lac L\u00e9man. Cours de voile et cours bateau moteur tous niveaux, encadrement professionnel et passion de la navigation.\" \/>\n<meta name=\"robots\" content=\"index, follow, max-snippet:-1, max-image-preview:large, max-video-preview:-1\" \/>\n<link rel=\"canonical\" href=\"http:\/\/www.ecole-de-voile.ch\/en\/paiements\/\" \/>\n<meta property=\"og:locale\" content=\"en_GB\" \/>\n<meta property=\"og:type\" content=\"article\" \/>\n<meta property=\"og:title\" content=\"PAIEMENTS - ECOLE DE VOILE D&#039;OUCHY\" \/>\n<meta property=\"og:description\" content=\"Apprenez \u00e0 naviguer en toute s\u00e9curit\u00e9 avec l&#039;\u00c9cole de Voile sur le lac L\u00e9man. Cours de voile et cours bateau moteur tous niveaux, encadrement professionnel et passion de la navigation.\" \/>\n<meta property=\"og:url\" content=\"http:\/\/www.ecole-de-voile.ch\/en\/paiements\/\" \/>\n<meta property=\"og:site_name\" content=\"ECOLE DE VOILE D&#039;OUCHY\" \/>\n<meta property=\"article:publisher\" content=\"https:\/\/www.facebook.com\/ecoledevoileouchy\/\" \/>\n<meta property=\"article:modified_time\" content=\"2026-03-04T13:12:39+00:00\" \/>\n<meta property=\"og:image\" content=\"http:\/\/www.ecole-de-voile.ch\/wp-content\/uploads\/2024\/03\/QR-Payment_UBS-300x216.jpg\" \/>\n<meta name=\"twitter:card\" content=\"summary_large_image\" \/>\n<meta name=\"twitter:label1\" content=\"Estimated reading time\" \/>\n\t<meta name=\"twitter:data1\" content=\"5 minutes\" \/>\n<script type=\"application\/ld+json\" class=\"yoast-schema-graph\">{\"@context\":\"https:\\\/\\\/schema.org\",\"@graph\":[{\"@type\":\"WebPage\",\"@id\":\"http:\\\/\\\/www.ecole-de-voile.ch\\\/paiements\\\/\",\"url\":\"http:\\\/\\\/www.ecole-de-voile.ch\\\/paiements\\\/\",\"name\":\"PAIEMENTS - ECOLE DE VOILE D&#039;OUCHY\",\"isPartOf\":{\"@id\":\"https:\\\/\\\/www.ecole-de-voile.ch\\\/#website\"},\"primaryImageOfPage\":{\"@id\":\"http:\\\/\\\/www.ecole-de-voile.ch\\\/paiements\\\/#primaryimage\"},\"image\":{\"@id\":\"http:\\\/\\\/www.ecole-de-voile.ch\\\/paiements\\\/#primaryimage\"},\"thumbnailUrl\":\"http:\\\/\\\/www.ecole-de-voile.ch\\\/wp-content\\\/uploads\\\/2024\\\/03\\\/QR-Payment_UBS-300x216.jpg\",\"datePublished\":\"2025-09-11T11:51:27+00:00\",\"dateModified\":\"2026-03-04T13:12:39+00:00\",\"description\":\"Apprenez \u00e0 naviguer en toute s\u00e9curit\u00e9 avec l'\u00c9cole de Voile sur le lac L\u00e9man. Cours de voile et cours bateau moteur tous niveaux, encadrement professionnel et passion de la navigation.\",\"breadcrumb\":{\"@id\":\"http:\\\/\\\/www.ecole-de-voile.ch\\\/paiements\\\/#breadcrumb\"},\"inLanguage\":\"en-GB\",\"potentialAction\":[{\"@type\":\"ReadAction\",\"target\":[\"http:\\\/\\\/www.ecole-de-voile.ch\\\/paiements\\\/\"]}]},{\"@type\":\"ImageObject\",\"inLanguage\":\"en-GB\",\"@id\":\"http:\\\/\\\/www.ecole-de-voile.ch\\\/paiements\\\/#primaryimage\",\"url\":\"http:\\\/\\\/www.ecole-de-voile.ch\\\/wp-content\\\/uploads\\\/2024\\\/03\\\/QR-Payment_UBS-300x216.jpg\",\"contentUrl\":\"http:\\\/\\\/www.ecole-de-voile.ch\\\/wp-content\\\/uploads\\\/2024\\\/03\\\/QR-Payment_UBS-300x216.jpg\"},{\"@type\":\"BreadcrumbList\",\"@id\":\"http:\\\/\\\/www.ecole-de-voile.ch\\\/paiements\\\/#breadcrumb\",\"itemListElement\":[{\"@type\":\"ListItem\",\"position\":1,\"name\":\"Accueil\",\"item\":\"https:\\\/\\\/www.ecole-de-voile.ch\\\/\"},{\"@type\":\"ListItem\",\"position\":2,\"name\":\"PAIEMENTS\"}]},{\"@type\":\"WebSite\",\"@id\":\"https:\\\/\\\/www.ecole-de-voile.ch\\\/#website\",\"url\":\"https:\\\/\\\/www.ecole-de-voile.ch\\\/\",\"name\":\"ECOLE DE VOILE OUCHY\",\"description\":\"Du permis voile et moteur lac au permis mer !\",\"publisher\":{\"@id\":\"https:\\\/\\\/www.ecole-de-voile.ch\\\/#organization\"},\"potentialAction\":[{\"@type\":\"SearchAction\",\"target\":{\"@type\":\"EntryPoint\",\"urlTemplate\":\"https:\\\/\\\/www.ecole-de-voile.ch\\\/?s={search_term_string}\"},\"query-input\":{\"@type\":\"PropertyValueSpecification\",\"valueRequired\":true,\"valueName\":\"search_term_string\"}}],\"inLanguage\":\"en-GB\"},{\"@type\":\"Organization\",\"@id\":\"https:\\\/\\\/www.ecole-de-voile.ch\\\/#organization\",\"name\":\"Ecole de Voile d'Ouchy\",\"url\":\"https:\\\/\\\/www.ecole-de-voile.ch\\\/\",\"logo\":{\"@type\":\"ImageObject\",\"inLanguage\":\"en-GB\",\"@id\":\"https:\\\/\\\/www.ecole-de-voile.ch\\\/#\\\/schema\\\/logo\\\/image\\\/\",\"url\":\"http:\\\/\\\/www.ecole-de-voile.ch\\\/wp-content\\\/uploads\\\/2020\\\/02\\\/LOGO_NEW_ECOLE_SITE.png\",\"contentUrl\":\"http:\\\/\\\/www.ecole-de-voile.ch\\\/wp-content\\\/uploads\\\/2020\\\/02\\\/LOGO_NEW_ECOLE_SITE.png\",\"width\":1702,\"height\":196,\"caption\":\"Ecole de Voile d'Ouchy\"},\"image\":{\"@id\":\"https:\\\/\\\/www.ecole-de-voile.ch\\\/#\\\/schema\\\/logo\\\/image\\\/\"},\"sameAs\":[\"https:\\\/\\\/www.facebook.com\\\/ecoledevoileouchy\\\/\",\"https:\\\/\\\/www.instagram.com\\\/ecoledevoileouchy\\\/?hl=fr\"]}]}<\/script>\n<!-- \/ Yoast SEO plugin. -->","yoast_head_json":{"title":"PAIEMENTS - ECOLE DE VOILE D&#039;OUCHY","description":"Apprenez \u00e0 naviguer en toute s\u00e9curit\u00e9 avec l'\u00c9cole de Voile sur le lac L\u00e9man. Cours de voile et cours bateau moteur tous niveaux, encadrement professionnel et passion de la navigation.","robots":{"index":"index","follow":"follow","max-snippet":"max-snippet:-1","max-image-preview":"max-image-preview:large","max-video-preview":"max-video-preview:-1"},"canonical":"http:\/\/www.ecole-de-voile.ch\/en\/paiements\/","og_locale":"en_GB","og_type":"article","og_title":"PAIEMENTS - ECOLE DE VOILE D&#039;OUCHY","og_description":"Apprenez \u00e0 naviguer en toute s\u00e9curit\u00e9 avec l'\u00c9cole de Voile sur le lac L\u00e9man. Cours de voile et cours bateau moteur tous niveaux, encadrement professionnel et passion de la navigation.","og_url":"http:\/\/www.ecole-de-voile.ch\/en\/paiements\/","og_site_name":"ECOLE DE VOILE D&#039;OUCHY","article_publisher":"https:\/\/www.facebook.com\/ecoledevoileouchy\/","article_modified_time":"2026-03-04T13:12:39+00:00","og_image":[{"url":"http:\/\/www.ecole-de-voile.ch\/wp-content\/uploads\/2024\/03\/QR-Payment_UBS-300x216.jpg","type":"","width":"","height":""}],"twitter_card":"summary_large_image","twitter_misc":{"Estimated reading time":"5 minutes"},"schema":{"@context":"https:\/\/schema.org","@graph":[{"@type":"WebPage","@id":"http:\/\/www.ecole-de-voile.ch\/paiements\/","url":"http:\/\/www.ecole-de-voile.ch\/paiements\/","name":"PAIEMENTS - ECOLE DE VOILE D&#039;OUCHY","isPartOf":{"@id":"https:\/\/www.ecole-de-voile.ch\/#website"},"primaryImageOfPage":{"@id":"http:\/\/www.ecole-de-voile.ch\/paiements\/#primaryimage"},"image":{"@id":"http:\/\/www.ecole-de-voile.ch\/paiements\/#primaryimage"},"thumbnailUrl":"http:\/\/www.ecole-de-voile.ch\/wp-content\/uploads\/2024\/03\/QR-Payment_UBS-300x216.jpg","datePublished":"2025-09-11T11:51:27+00:00","dateModified":"2026-03-04T13:12:39+00:00","description":"Apprenez \u00e0 naviguer en toute s\u00e9curit\u00e9 avec l'\u00c9cole de Voile sur le lac L\u00e9man. Cours de voile et cours bateau moteur tous niveaux, encadrement professionnel et passion de la navigation.","breadcrumb":{"@id":"http:\/\/www.ecole-de-voile.ch\/paiements\/#breadcrumb"},"inLanguage":"en-GB","potentialAction":[{"@type":"ReadAction","target":["http:\/\/www.ecole-de-voile.ch\/paiements\/"]}]},{"@type":"ImageObject","inLanguage":"en-GB","@id":"http:\/\/www.ecole-de-voile.ch\/paiements\/#primaryimage","url":"http:\/\/www.ecole-de-voile.ch\/wp-content\/uploads\/2024\/03\/QR-Payment_UBS-300x216.jpg","contentUrl":"http:\/\/www.ecole-de-voile.ch\/wp-content\/uploads\/2024\/03\/QR-Payment_UBS-300x216.jpg"},{"@type":"BreadcrumbList","@id":"http:\/\/www.ecole-de-voile.ch\/paiements\/#breadcrumb","itemListElement":[{"@type":"ListItem","position":1,"name":"Accueil","item":"https:\/\/www.ecole-de-voile.ch\/"},{"@type":"ListItem","position":2,"name":"PAIEMENTS"}]},{"@type":"WebSite","@id":"https:\/\/www.ecole-de-voile.ch\/#website","url":"https:\/\/www.ecole-de-voile.ch\/","name":"ECOLE DE VOILE OUCHY","description":"Du permis voile et moteur lac au permis mer !","publisher":{"@id":"https:\/\/www.ecole-de-voile.ch\/#organization"},"potentialAction":[{"@type":"SearchAction","target":{"@type":"EntryPoint","urlTemplate":"https:\/\/www.ecole-de-voile.ch\/?s={search_term_string}"},"query-input":{"@type":"PropertyValueSpecification","valueRequired":true,"valueName":"search_term_string"}}],"inLanguage":"en-GB"},{"@type":"Organization","@id":"https:\/\/www.ecole-de-voile.ch\/#organization","name":"Ecole de Voile d'Ouchy","url":"https:\/\/www.ecole-de-voile.ch\/","logo":{"@type":"ImageObject","inLanguage":"en-GB","@id":"https:\/\/www.ecole-de-voile.ch\/#\/schema\/logo\/image\/","url":"http:\/\/www.ecole-de-voile.ch\/wp-content\/uploads\/2020\/02\/LOGO_NEW_ECOLE_SITE.png","contentUrl":"http:\/\/www.ecole-de-voile.ch\/wp-content\/uploads\/2020\/02\/LOGO_NEW_ECOLE_SITE.png","width":1702,"height":196,"caption":"Ecole de Voile d'Ouchy"},"image":{"@id":"https:\/\/www.ecole-de-voile.ch\/#\/schema\/logo\/image\/"},"sameAs":["https:\/\/www.facebook.com\/ecoledevoileouchy\/","https:\/\/www.instagram.com\/ecoledevoileouchy\/?hl=fr"]}]}},"_links":{"self":[{"href":"https:\/\/www.ecole-de-voile.ch\/en\/wp-json\/wp\/v2\/pages\/1097088","targetHints":{"allow":["GET"]}}],"collection":[{"href":"https:\/\/www.ecole-de-voile.ch\/en\/wp-json\/wp\/v2\/pages"}],"about":[{"href":"https:\/\/www.ecole-de-voile.ch\/en\/wp-json\/wp\/v2\/types\/page"}],"author":[{"embeddable":true,"href":"https:\/\/www.ecole-de-voile.ch\/en\/wp-json\/wp\/v2\/users\/1"}],"replies":[{"embeddable":true,"href":"https:\/\/www.ecole-de-voile.ch\/en\/wp-json\/wp\/v2\/comments?post=1097088"}],"version-history":[{"count":38,"href":"https:\/\/www.ecole-de-voile.ch\/en\/wp-json\/wp\/v2\/pages\/1097088\/revisions"}],"predecessor-version":[{"id":1401470,"href":"https:\/\/www.ecole-de-voile.ch\/en\/wp-json\/wp\/v2\/pages\/1097088\/revisions\/1401470"}],"wp:attachment":[{"href":"https:\/\/www.ecole-de-voile.ch\/en\/wp-json\/wp\/v2\/media?parent=1097088"}],"curies":[{"name":"wp","href":"https:\/\/api.w.org\/{rel}","templated":true}]}}