{"id":28873,"date":"2020-02-03T14:19:01","date_gmt":"2020-02-03T13:19:01","guid":{"rendered":"http:\/\/new.ecole-de-voile-lausanne.ch\/?page_id=28873"},"modified":"2025-12-28T10:12:22","modified_gmt":"2025-12-28T09:12:22","slug":"accueil","status":"publish","type":"page","link":"https:\/\/www.ecole-de-voile.ch\/en\/","title":{"rendered":"HOME"},"content":{"rendered":"<p>[et_pb_section fb_built=&#8221;1&#8243; disabled_on=&#8221;off|off|off&#8221; _builder_version=&#8221;4.2&#8243; background_color=&#8221;rgba(0,0,0,0)&#8221; background_enable_image=&#8221;off&#8221; background_size=&#8221;contain&#8221; background_position=&#8221;top_center&#8221;][et_pb_row _builder_version=&#8221;4.2&#8243; min_height=&#8221;188px&#8221;][et_pb_column type=&#8221;4_4&#8243; _builder_version=&#8221;4.2&#8243;][et_pb_text _builder_version=&#8221;4.2&#8243; hover_enabled=&#8221;0&#8243;]<\/p>\n<p style=\"text-align: center;\"><span style=\"text-decoration: underline;\"><a href=\"https:\/\/www.ecole-de-voile.ch\/30-ans\/?et_fb=1&amp;PageSpeed=off\"><span style=\"color: #ffcc00;\"><b><span style=\"color: #3366ff; text-decoration: underline;\">VOTRE \u00c9COLE DE VOILE F\u00caTE SES 33 ans<\/span><\/b><\/span><\/a><\/span><\/p>\n<h3 data-start=\"282\" data-end=\"343\" style=\"text-align: center;\"><strong>Apprenez \u00e0 naviguer avec passion &#8211;\u00a0<\/strong><strong>\u00c9cole de Voile d\u2019Ouchy<\/strong><\/h3>\n<p data-start=\"282\" data-end=\"343\" style=\"text-align: center;\"><a href=\"https:\/\/www.ecole-de-voile.ch\/cours-de-voile-permis-lac\/\">Initiation \u00e0 la voile<\/a><br \/> <a href=\"https:\/\/www.ecole-de-voile.ch\/cours-de-voile-permis-lac\/\">Permis Voile (Cat. D)<\/a><br \/> <a href=\"https:\/\/www.ecole-de-voile.ch\/cours-bateau-moteur\/\">Permis Bateau Moteur (Cat. A)<\/a><br \/> <a href=\"https:\/\/www.ecole-de-voile.ch\/cours-permis-mer\/\">Permis Mer<br \/><\/a><a href=\"https:\/\/www.ecole-de-voile.ch\/validation-milles-nautiques\/\">Stages en MER embarqu\u00e9s<\/a><br \/> Autres cours<\/p>\n<p data-start=\"345\" data-end=\"552\" style=\"text-align: center;\"><strong>Depuis 1993 <em>(+30 ans)<\/em>, l\u2019\u00c9cole de Voile d\u2019Ouchy est le lieu id\u00e9al <span style=\"text-decoration: underline;\">pour adultes de 16 \u00e0 99 ans<\/span> souhaitant d\u00e9couvrir la navigation.<\/strong><br \/> <strong>Apprenez \u00e0 naviguer ou obtenez votre permis lac (<\/strong><strong>Voile ou Moteur<\/strong><strong>) dans une ambiance conviviale et passionnante.<\/strong><br \/> <strong><br \/> <span class=\"relative -mx-px my-[-0.2rem] rounded px-px py-[0.2rem] transition-colors duration-100 ease-in-out\">Rejoignez-nous pour une exp\u00e9rience enrichissante, alliant apprentissage, d\u00e9couverte, plaisir et convivialit\u00e9.<br \/> <\/span><span class=\"relative -mx-px my-[-0.2rem] rounded px-px py-[0.2rem] transition-colors duration-100 ease-in-out\">Venez naviguer avec nous et laissez-vous emporter par les plaisirs du lac !<\/span><\/strong><\/p>\n<p>[\/et_pb_text][et_pb_button button_url=&#8221;https:\/\/www.ecole-de-voile.ch\/contact\/&#8221; button_text=&#8221;CONTACTEZ-NOUS&#8221; button_alignment=&#8221;center&#8221; _builder_version=&#8221;4.2&#8243; custom_button=&#8221;on&#8221; button_text_color=&#8221;#ffffff&#8221; button_bg_color=&#8221;#0c71c3&#8243; custom_padding=&#8221;0px|||||&#8221;][\/et_pb_button][et_pb_text _builder_version=&#8221;4.2&#8243;]<\/p>\n<h3 style=\"text-align: center;\"><span style=\"color: #ff0000;\">D\u00c9COUVREZ NOS COURS CI-DESSOUS !<\/span><\/h3>\n<p>[\/et_pb_text][\/et_pb_column][\/et_pb_row][et_pb_row column_structure=&#8221;1_2,1_2&#8243; _builder_version=&#8221;4.2&#8243; border_width_all=&#8221;1px&#8221;][et_pb_column type=&#8221;1_2&#8243; _builder_version=&#8221;4.2&#8243;][et_pb_image src=&#8221;http:\/\/www.ecole-de-voile.ch\/wp-content\/uploads\/2024\/01\/6D61F513-A905-4DD4-ADBB-39C7E2DDA319-300&#215;175.jpeg&#8221; url=&#8221;@ET-DC@eyJkeW5hbWljIjp0cnVlLCJjb250ZW50IjoicG9zdF9saW5rX3VybF9wYWdlIiwic2V0dGluZ3MiOnsicG9zdF9pZCI6IjI4OTU4In19@&#8221; align=&#8221;center&#8221; _builder_version=&#8221;4.2&#8243; _dynamic_attributes=&#8221;url&#8221; min_height=&#8221;230px&#8221; border_width_all=&#8221;1px&#8221;][\/et_pb_image][et_pb_button button_url=&#8221;@ET-DC@eyJkeW5hbWljIjp0cnVlLCJjb250ZW50IjoicG9zdF9saW5rX3VybF9wYWdlIiwic2V0dGluZ3MiOnsicG9zdF9pZCI6IjI4OTU4In19@&#8221; button_text=&#8221;COURS PERMIS MER&#8221; button_alignment=&#8221;center&#8221; _builder_version=&#8221;4.2&#8243; _dynamic_attributes=&#8221;button_url&#8221; custom_button=&#8221;on&#8221; button_text_color=&#8221;#ffffff&#8221; button_bg_color=&#8221;#0c71c3&#8243; button_border_color=&#8221;#e02b20&#8243;][\/et_pb_button][et_pb_text _builder_version=&#8221;4.2&#8243;]<\/p>\n<p style=\"text-align: center;\"> Envie d&#8217;apprendre \u00e0 comprendre et calculer les mar\u00e9es ? Envie de faire votre permis mer suisse? Cliquez sur le bouton ci-dessus pour d\u00e9couvrir les nouvelles dates des COURS PERMIS MER<\/p>\n<p>[\/et_pb_text][\/et_pb_column][et_pb_column type=&#8221;1_2&#8243; _builder_version=&#8221;4.2&#8243;][et_pb_image src=&#8221;http:\/\/www.ecole-de-voile.ch\/wp-content\/uploads\/2023\/05\/IMG_0034-300&#215;225.jpg&#8221; url=&#8221;@ET-DC@eyJkeW5hbWljIjp0cnVlLCJjb250ZW50IjoicG9zdF9saW5rX3VybF9wYWdlIiwic2V0dGluZ3MiOnsicG9zdF9pZCI6IjY5MDM0In19@&#8221; align=&#8221;center&#8221; _builder_version=&#8221;4.2&#8243; _dynamic_attributes=&#8221;url&#8221; border_width_all=&#8221;1px&#8221;][\/et_pb_image][et_pb_button button_url=&#8221;@ET-DC@eyJkeW5hbWljIjp0cnVlLCJjb250ZW50IjoicG9zdF9saW5rX3VybF9wYWdlIiwic2V0dGluZ3MiOnsicG9zdF9pZCI6IjY5MDM0In19@&#8221; button_text=&#8221;STAGES EN MER 2026&#8243; button_alignment=&#8221;center&#8221; _builder_version=&#8221;4.2&#8243; _dynamic_attributes=&#8221;button_url&#8221; custom_button=&#8221;on&#8221; button_text_color=&#8221;#ffffff&#8221; button_bg_color=&#8221;#0c71c3&#8243; button_border_color=&#8221;#e02b20&#8243;][\/et_pb_button][et_pb_text _builder_version=&#8221;4.2&#8243;]<\/p>\n<p style=\"text-align: center;\"><strong><span style=\"color: #800000;\">NOUVELLES DATES 2026<\/span><\/strong><br \/> Envie d&#8217;aventure ? Apprendre \u00e0 naviguer en mer et\/ou valider des milles nautiques pour votre permis mer suisse ? Cliquez sur le bouton ci-dessus pour d\u00e9couvrir les nouvelles dates des STAGES EN MER 2026<\/p>\n<p>[\/et_pb_text][\/et_pb_column][\/et_pb_row][et_pb_row column_structure=&#8221;1_4,1_4,1_4,1_4&#8243; _builder_version=&#8221;4.2&#8243; min_height=&#8221;447px&#8221;][et_pb_column type=&#8221;1_4&#8243; _builder_version=&#8221;4.2&#8243;][et_pb_slider _builder_version=&#8221;4.2&#8243; _dynamic_attributes=&#8221;link_option_url&#8221; header_font=&#8221;|700|||||||&#8221; header_text_align=&#8221;center&#8221; header_text_color=&#8221;#ffffff&#8221; header_font_size=&#8221;35px&#8221; background_color=&#8221;#0c71c3&#8243; min_height=&#8221;559px&#8221; custom_margin=&#8221;||15px|||&#8221; link_option_url=&#8221;@ET-DC@eyJkeW5hbWljIjp0cnVlLCJjb250ZW50IjoicG9zdF9saW5rX3VybF9wYWdlIiwic2V0dGluZ3MiOnsicG9zdF9pZCI6IjI4OTA1In19@&#8221; header_text_shadow_style=&#8221;preset2&#8243;][et_pb_slide heading=&#8221;COURS DE VOILE&#8221; button_text=&#8221;CLIQUEZ-ICI&#8221; button_link=&#8221;@ET-DC@eyJkeW5hbWljIjp0cnVlLCJjb250ZW50IjoicG9zdF9saW5rX3VybF9wYWdlIiwic2V0dGluZ3MiOnsicG9zdF9pZCI6IjI4OTA1In19@&#8221; _builder_version=&#8221;4.2&#8243; _dynamic_attributes=&#8221;button_link&#8221;]<\/p>\n<p>Vous souhaitez<br \/>d\u00e9couvrir ou faire des cours pour r\u00e9aliser votre permis voile lac (Cat. D) ?<\/p>\n<p>[\/et_pb_slide][\/et_pb_slider][et_pb_slider use_bg_overlay=&#8221;off&#8221; use_text_overlay=&#8221;off&#8221; _builder_version=&#8221;4.2&#8243; _dynamic_attributes=&#8221;link_option_url&#8221; header_font=&#8221;|700|||||||&#8221; header_text_align=&#8221;center&#8221; header_text_color=&#8221;#ffffff&#8221; header_font_size=&#8221;35px&#8221; background_color=&#8221;#0c71c3&#8243; width=&#8221;100%&#8221; max_width=&#8221;100%&#8221; content_max_width=&#8221;100%&#8221; min_height=&#8221;577px&#8221; max_height=&#8221;677px&#8221; link_option_url=&#8221;@ET-DC@eyJkeW5hbWljIjp0cnVlLCJjb250ZW50IjoicG9zdF9saW5rX3VybF9wYWdlIiwic2V0dGluZ3MiOnsicG9zdF9pZCI6IjI4OTQyIn19@&#8221; header_text_shadow_style=&#8221;preset2&#8243;][et_pb_slide heading=&#8221;COURS PERF.&#8221; button_text=&#8221;CLIQUEZ-ICI&#8221; button_link=&#8221;@ET-DC@eyJkeW5hbWljIjp0cnVlLCJjb250ZW50IjoicG9zdF9saW5rX3VybF9wYWdlIiwic2V0dGluZ3MiOnsicG9zdF9pZCI6IjI4OTQyIn19@&#8221; _builder_version=&#8221;4.2&#8243; _dynamic_attributes=&#8221;button_link&#8221; header_font_size=&#8221;35px&#8221; body_text_align=&#8221;center&#8221; body_line_height=&#8221;1.6em&#8221;]<\/p>\n<p>Vous avez d\u00e9j\u00e0 le permis voile ou de l&#8217;exp\u00e9rience et souhaitez vous perfectionner ?<\/p>\n<p>[\/et_pb_slide][\/et_pb_slider][\/et_pb_column][et_pb_column type=&#8221;1_4&#8243; _builder_version=&#8221;4.2&#8243;][et_pb_slider _builder_version=&#8221;4.2&#8243; _dynamic_attributes=&#8221;link_option_url&#8221; header_font=&#8221;|700|||||||&#8221; header_text_align=&#8221;center&#8221; header_text_color=&#8221;#ffffff&#8221; header_font_size=&#8221;35px&#8221; background_color=&#8221;#0c71c3&#8243; min_height=&#8221;559px&#8221; link_option_url=&#8221;@ET-DC@eyJkeW5hbWljIjp0cnVlLCJjb250ZW50IjoicG9zdF9saW5rX3VybF9wYWdlIiwic2V0dGluZ3MiOnsicG9zdF9pZCI6IjI4OTUyIn19@&#8221; header_text_shadow_style=&#8221;preset2&#8243;][et_pb_slide heading=&#8221;COURS MOTEUR&#8221; button_text=&#8221;CLIQUEZ-ICI&#8221; button_link=&#8221;@ET-DC@eyJkeW5hbWljIjp0cnVlLCJjb250ZW50IjoicG9zdF9saW5rX3VybF9wYWdlIiwic2V0dGluZ3MiOnsicG9zdF9pZCI6IjI4OTUyIn19@&#8221; _builder_version=&#8221;4.2&#8243; _dynamic_attributes=&#8221;button_link&#8221;]<\/p>\n<p>Vous souhaitez faire des cours de bateau moteur et r\u00e9aliser votre permis bateau (Cat. A) ?<\/p>\n<p>[\/et_pb_slide][\/et_pb_slider][et_pb_slider _builder_version=&#8221;4.2&#8243; header_font=&#8221;|700|||||||&#8221; header_text_align=&#8221;center&#8221; header_text_color=&#8221;#ffffff&#8221; header_font_size=&#8221;35px&#8221; background_color=&#8221;#0c71c3&#8243; min_height=&#8221;559px&#8221; custom_margin=&#8221;-16px|||||&#8221; link_option_url=&#8221;https:\/\/nauti-club.ch\/&#8221; header_text_shadow_style=&#8221;preset2&#8243;][et_pb_slide heading=&#8221;BOAT SHARING&#8221; button_text=&#8221;CLIQUEZ-ICI&#8221; button_link=&#8221;https:\/\/nauti-club.ch\/&#8221; _builder_version=&#8221;4.2&#8243; link_option_url=&#8221;https:\/\/nauti-club.ch\/&#8221;]<\/p>\n<p>Vous avez le permis Voile ou le permis Moteur et vous souhaitez utiliser un bateau moteur \u00e0 Ouchy ?<\/p>\n<p>[\/et_pb_slide][\/et_pb_slider][\/et_pb_column][et_pb_column type=&#8221;1_4&#8243; _builder_version=&#8221;4.2&#8243;][et_pb_slider _builder_version=&#8221;4.2&#8243; _dynamic_attributes=&#8221;link_option_url&#8221; header_font=&#8221;|700|||||||&#8221; header_text_align=&#8221;center&#8221; header_text_color=&#8221;#ffffff&#8221; header_font_size=&#8221;35px&#8221; background_color=&#8221;#0c71c3&#8243; min_height=&#8221;559px&#8221; link_option_url=&#8221;@ET-DC@eyJkeW5hbWljIjp0cnVlLCJjb250ZW50IjoicG9zdF9saW5rX3VybF9wYWdlIiwic2V0dGluZ3MiOnsicG9zdF9pZCI6IjI4OTU4In19@&#8221; header_text_shadow_style=&#8221;preset2&#8243;][et_pb_slide heading=&#8221;COURS PERMIS MER&#8221; button_text=&#8221;CLIQUEZ-ICI&#8221; button_link=&#8221;https:\/\/www.ecole-de-voile.ch\/cours-permis-mer\/&#8221; _builder_version=&#8221;4.2&#8243; header_font_size=&#8221;31px&#8221;]<\/p>\n<p>D\u00e9couvrez nos cours th\u00e9oriques pour le permis mer SUISSE<\/p>\n<p>[\/et_pb_slide][\/et_pb_slider][et_pb_slider _builder_version=&#8221;4.2&#8243; header_font=&#8221;|700|||||||&#8221; header_text_align=&#8221;center&#8221; header_text_color=&#8221;#ffffff&#8221; header_font_size=&#8221;34px&#8221; background_color=&#8221;#0c71c3&#8243; width=&#8221;100%&#8221; min_height=&#8221;559px&#8221; custom_margin=&#8221;-15px|||||&#8221; link_option_url=&#8221;https:\/\/www.ecole-de-voile.ch\/cours-premiers-secours\/&#8221; header_text_shadow_style=&#8221;preset2&#8243;][et_pb_slide heading=&#8221;COURS PREMIERS SECOURS&#8221; button_text=&#8221;CLIQUEZ-ICI&#8221; button_link=&#8221;https:\/\/www.ecole-de-voile.ch\/cours-premiers-secours\/&#8221; _builder_version=&#8221;4.2&#8243; width=&#8221;100%&#8221; max_width=&#8221;100%&#8221;]<\/p>\n<p>D\u00e9couvrez nos cours PREMIERS SECOURS <span style=\"font-size: x-small;\">(valable pour permis mer)<\/span><\/p>\n<p>[\/et_pb_slide][\/et_pb_slider][\/et_pb_column][et_pb_column type=&#8221;1_4&#8243; _builder_version=&#8221;4.2&#8243;][et_pb_slider _builder_version=&#8221;4.2&#8243; _dynamic_attributes=&#8221;link_option_url&#8221; header_font=&#8221;|700|||||||&#8221; header_text_align=&#8221;center&#8221; header_text_color=&#8221;#ffffff&#8221; header_font_size=&#8221;34px&#8221; background_color=&#8221;#0c71c3&#8243; min_height=&#8221;559px&#8221; custom_margin=&#8221;||22px|||&#8221; link_option_url=&#8221;@ET-DC@eyJkeW5hbWljIjp0cnVlLCJjb250ZW50IjoicG9zdF9saW5rX3VybF9wYWdlIiwic2V0dGluZ3MiOnsicG9zdF9pZCI6IjI4OTczIn19@&#8221; header_text_shadow_style=&#8221;preset2&#8243;][et_pb_slide heading=&#8221;COURS RADIO VHF&#8221; button_text=&#8221;CLIQUEZ-ICI&#8221; button_link=&#8221;@ET-DC@eyJkeW5hbWljIjp0cnVlLCJjb250ZW50IjoicG9zdF9saW5rX3VybF9wYWdlIiwic2V0dGluZ3MiOnsicG9zdF9pZCI6IjI4OTczIn19@&#8221; _builder_version=&#8221;4.2&#8243; _dynamic_attributes=&#8221;button_link&#8221; header_font_size=&#8221;31px&#8221;]<\/p>\n<p>D\u00e9couvrez nos cours RADIO VHF avec notre partenaire OFCOM<span style=\"font-size: x-small;\"><\/span><\/p>\n<p>[\/et_pb_slide][\/et_pb_slider][et_pb_slider _builder_version=&#8221;4.2&#8243; _dynamic_attributes=&#8221;link_option_url&#8221; header_font=&#8221;|700|||||||&#8221; header_text_align=&#8221;center&#8221; header_text_color=&#8221;#ffffff&#8221; header_font_size=&#8221;34px&#8221; background_color=&#8221;#0c71c3&#8243; min_height=&#8221;559px&#8221; custom_margin=&#8221;||22px|||&#8221; link_option_url=&#8221;@ET-DC@eyJkeW5hbWljIjp0cnVlLCJjb250ZW50IjoicG9zdF9saW5rX3VybF9wYWdlIiwic2V0dGluZ3MiOnsicG9zdF9pZCI6IjI5NzA2In19@&#8221; header_text_shadow_style=&#8221;preset2&#8243;][et_pb_slide heading=&#8221;STAGE EN MER&#8221; button_text=&#8221;CLIQUEZ-ICI&#8221; button_link=&#8221;https:\/\/www.ecole-de-voile.ch\/validation-milles-nautiques\/&#8221; _builder_version=&#8221;4.2&#8243; header_font_size=&#8221;31px&#8221;]<\/p>\n<p>D\u00e9couvrez les prestations de notre partenaire pour la validation de vos milles nautiques en mer<span style=\"font-size: x-small;\"><\/span><\/p>\n<p>[\/et_pb_slide][\/et_pb_slider][\/et_pb_column][\/et_pb_row][et_pb_row _builder_version=&#8221;4.2&#8243;][et_pb_column type=&#8221;4_4&#8243; _builder_version=&#8221;4.2&#8243;][et_pb_text _builder_version=&#8221;4.2&#8243;]<\/p>\n<h4 style=\"text-align: center;\"><span style=\"text-decoration: underline;\"><a href=\"https:\/\/www.ecole-de-voile.ch\/photos\/\"><span color=\"#999999\" style=\"color: #999999; text-decoration: underline;\">ENVIE DE VOIR QUELQUES PHOTOS ?<br \/> D\u00c9COUVREZ EN CLIQUANT-ICI<\/span><\/a><\/span><\/h4>\n<p>[\/et_pb_text][et_pb_text _builder_version=&#8221;4.2&#8243;]<\/p>\n<p style=\"text-align: center;\"><strong><u>ENVIE D\u2019UN BATEAU MOTEUR CET \u00c9T\u00c9 ?<br \/> <\/u><\/strong>Contactez notre partenaire:\u00a0<a href=\"http:\/\/www.nauti-club.ch\/\">WWW.NAUTI-CLUB.CH<\/a><\/p>\n<p>[\/et_pb_text][\/et_pb_column][\/et_pb_row][et_pb_row _builder_version=&#8221;4.2&#8243;][et_pb_column type=&#8221;4_4&#8243; _builder_version=&#8221;4.2&#8243;][et_pb_text _builder_version=&#8221;4.2&#8243; hover_enabled=&#8221;0&#8243;]<\/p>\n<h6 style=\"text-align: center;\"><span style=\"color: #ccffff;\">ECOLE DE VOILE &#8211; PERMIS VOILE LAC (CAT. D) &#8211; PERMIS BATEAU MOTEUR (CAT. A) &#8211; COURS DE VOILE &#8211; COURS BATEAU MOTEUR &#8211; PERMIS MER SUISSE (HAUTURIER) &#8211; LAUSANNE &#8211; OUCHY &#8211; VIDY &#8211; LUTRY &#8211; PAUDEX &#8211; EPALINGES &#8211; RENENS &#8211; PULLY &#8211; PRILLY &#8211; PREVERENGES &#8211; ECUBLENS &#8211; ST SULPICE &#8211; ECHANDENS &#8211; MORGES<\/span><\/h6>\n<p>[\/et_pb_text][\/et_pb_column][\/et_pb_row][\/et_pb_section]<\/p>\n","protected":false},"excerpt":{"rendered":"<p>[et_pb_section fb_built=&#8221;1&#8243; disabled_on=&#8221;off|off|off&#8221; _builder_version=&#8221;4.2&#8243; background_color=&#8221;rgba(0,0,0,0)&#8221; background_enable_image=&#8221;off&#8221; background_size=&#8221;contain&#8221; background_position=&#8221;top_center&#8221;][et_pb_row _builder_version=&#8221;4.2&#8243; min_height=&#8221;188px&#8221;][et_pb_column type=&#8221;4_4&#8243; _builder_version=&#8221;4.2&#8243;][et_pb_text _builder_version=&#8221;4.2&#8243; hover_enabled=&#8221;0&#8243;] VOTRE \u00c9COLE DE VOILE F\u00caTE SES 33 ans Apprenez \u00e0 naviguer avec passion &#8211;\u00a0\u00c9cole de Voile d\u2019Ouchy Initiation \u00e0 la voile Permis Voile (Cat. D) Permis Bateau Moteur (Cat. A) Permis MerStages en MER embarqu\u00e9s Autres cours Depuis 1993 (+30 ans), [&hellip;]<\/p>\n","protected":false},"author":1,"featured_media":0,"parent":0,"menu_order":0,"comment_status":"closed","ping_status":"closed","template":"","meta":{"_et_pb_use_builder":"on","_et_pb_old_content":"","_et_gb_content_width":"","footnotes":""},"class_list":["post-28873","page","type-page","status-publish","hentry"],"yoast_head":"<!-- This site is optimized with the Yoast SEO plugin v27.5 - https:\/\/yoast.com\/product\/yoast-seo-wordpress\/ -->\n<title>ACCUEIL - ECOLE DE VOILE D&#039;OUCHY<\/title>\n<meta name=\"description\" content=\"Ecole de navigation voile et bateau moteur \u00e0 Lausanne Ouchy, pr\u00e9paration \u00e0 l&#039;examen pratique du permis lac voile et permis moteur et permis mer suisse\" \/>\n<meta name=\"robots\" content=\"index, follow, max-snippet:-1, max-image-preview:large, max-video-preview:-1\" \/>\n<link rel=\"canonical\" href=\"http:\/\/www.ecole-de-voile.ch\/en\/\" \/>\n<meta property=\"og:locale\" content=\"en_GB\" \/>\n<meta property=\"og:type\" content=\"article\" \/>\n<meta property=\"og:title\" content=\"ACCUEIL - ECOLE DE VOILE D&#039;OUCHY\" \/>\n<meta property=\"og:description\" content=\"Ecole de navigation voile et bateau moteur \u00e0 Lausanne Ouchy, pr\u00e9paration \u00e0 l&#039;examen pratique du permis lac voile et permis moteur et permis mer suisse\" \/>\n<meta property=\"og:url\" content=\"http:\/\/www.ecole-de-voile.ch\/en\/\" \/>\n<meta property=\"og:site_name\" content=\"ECOLE DE VOILE D&#039;OUCHY\" \/>\n<meta property=\"article:publisher\" content=\"https:\/\/www.facebook.com\/ecoledevoileouchy\/\" \/>\n<meta property=\"article:modified_time\" content=\"2025-12-28T09:12:22+00:00\" \/>\n<meta name=\"twitter:card\" content=\"summary_large_image\" \/>\n<meta name=\"twitter:label1\" content=\"Estimated reading time\" \/>\n\t<meta name=\"twitter:data1\" content=\"8 minutes\" \/>\n<script type=\"application\/ld+json\" class=\"yoast-schema-graph\">{\"@context\":\"https:\\\/\\\/schema.org\",\"@graph\":[{\"@type\":\"WebPage\",\"@id\":\"http:\\\/\\\/www.ecole-de-voile.ch\\\/en\\\/\",\"url\":\"http:\\\/\\\/www.ecole-de-voile.ch\\\/en\\\/\",\"name\":\"ACCUEIL - ECOLE DE VOILE D&#039;OUCHY\",\"isPartOf\":{\"@id\":\"https:\\\/\\\/www.ecole-de-voile.ch\\\/#website\"},\"datePublished\":\"2020-02-03T13:19:01+00:00\",\"dateModified\":\"2025-12-28T09:12:22+00:00\",\"description\":\"Ecole de navigation voile et bateau moteur \u00e0 Lausanne Ouchy, pr\u00e9paration \u00e0 l'examen pratique du permis lac voile et permis moteur et permis mer suisse\",\"breadcrumb\":{\"@id\":\"http:\\\/\\\/www.ecole-de-voile.ch\\\/en\\\/#breadcrumb\"},\"inLanguage\":\"en-GB\",\"potentialAction\":[{\"@type\":\"ReadAction\",\"target\":[\"http:\\\/\\\/www.ecole-de-voile.ch\\\/en\\\/\"]}]},{\"@type\":\"BreadcrumbList\",\"@id\":\"http:\\\/\\\/www.ecole-de-voile.ch\\\/en\\\/#breadcrumb\",\"itemListElement\":[{\"@type\":\"ListItem\",\"position\":1,\"name\":\"Accueil\",\"item\":\"http:\\\/\\\/www.ecole-de-voile.ch\\\/en\\\/\"},{\"@type\":\"ListItem\",\"position\":2,\"name\":\"ACCUEIL\"}]},{\"@type\":\"WebSite\",\"@id\":\"https:\\\/\\\/www.ecole-de-voile.ch\\\/#website\",\"url\":\"https:\\\/\\\/www.ecole-de-voile.ch\\\/\",\"name\":\"ECOLE DE VOILE OUCHY\",\"description\":\"Du permis voile et moteur lac au permis mer !\",\"publisher\":{\"@id\":\"https:\\\/\\\/www.ecole-de-voile.ch\\\/#organization\"},\"potentialAction\":[{\"@type\":\"SearchAction\",\"target\":{\"@type\":\"EntryPoint\",\"urlTemplate\":\"https:\\\/\\\/www.ecole-de-voile.ch\\\/?s={search_term_string}\"},\"query-input\":{\"@type\":\"PropertyValueSpecification\",\"valueRequired\":true,\"valueName\":\"search_term_string\"}}],\"inLanguage\":\"en-GB\"},{\"@type\":\"Organization\",\"@id\":\"https:\\\/\\\/www.ecole-de-voile.ch\\\/#organization\",\"name\":\"Ecole de Voile d'Ouchy\",\"url\":\"https:\\\/\\\/www.ecole-de-voile.ch\\\/\",\"logo\":{\"@type\":\"ImageObject\",\"inLanguage\":\"en-GB\",\"@id\":\"https:\\\/\\\/www.ecole-de-voile.ch\\\/#\\\/schema\\\/logo\\\/image\\\/\",\"url\":\"http:\\\/\\\/www.ecole-de-voile.ch\\\/wp-content\\\/uploads\\\/2020\\\/02\\\/LOGO_NEW_ECOLE_SITE.png\",\"contentUrl\":\"http:\\\/\\\/www.ecole-de-voile.ch\\\/wp-content\\\/uploads\\\/2020\\\/02\\\/LOGO_NEW_ECOLE_SITE.png\",\"width\":1702,\"height\":196,\"caption\":\"Ecole de Voile d'Ouchy\"},\"image\":{\"@id\":\"https:\\\/\\\/www.ecole-de-voile.ch\\\/#\\\/schema\\\/logo\\\/image\\\/\"},\"sameAs\":[\"https:\\\/\\\/www.facebook.com\\\/ecoledevoileouchy\\\/\",\"https:\\\/\\\/www.instagram.com\\\/ecoledevoileouchy\\\/?hl=fr\"]}]}<\/script>\n<!-- \/ Yoast SEO plugin. -->","yoast_head_json":{"title":"ACCUEIL - ECOLE DE VOILE D&#039;OUCHY","description":"Ecole de navigation voile et bateau moteur \u00e0 Lausanne Ouchy, pr\u00e9paration \u00e0 l'examen pratique du permis lac voile et permis moteur et permis mer suisse","robots":{"index":"index","follow":"follow","max-snippet":"max-snippet:-1","max-image-preview":"max-image-preview:large","max-video-preview":"max-video-preview:-1"},"canonical":"http:\/\/www.ecole-de-voile.ch\/en\/","og_locale":"en_GB","og_type":"article","og_title":"ACCUEIL - ECOLE DE VOILE D&#039;OUCHY","og_description":"Ecole de navigation voile et bateau moteur \u00e0 Lausanne Ouchy, pr\u00e9paration \u00e0 l'examen pratique du permis lac voile et permis moteur et permis mer suisse","og_url":"http:\/\/www.ecole-de-voile.ch\/en\/","og_site_name":"ECOLE DE VOILE D&#039;OUCHY","article_publisher":"https:\/\/www.facebook.com\/ecoledevoileouchy\/","article_modified_time":"2025-12-28T09:12:22+00:00","twitter_card":"summary_large_image","twitter_misc":{"Estimated reading time":"8 minutes"},"schema":{"@context":"https:\/\/schema.org","@graph":[{"@type":"WebPage","@id":"http:\/\/www.ecole-de-voile.ch\/en\/","url":"http:\/\/www.ecole-de-voile.ch\/en\/","name":"ACCUEIL - ECOLE DE VOILE D&#039;OUCHY","isPartOf":{"@id":"https:\/\/www.ecole-de-voile.ch\/#website"},"datePublished":"2020-02-03T13:19:01+00:00","dateModified":"2025-12-28T09:12:22+00:00","description":"Ecole de navigation voile et bateau moteur \u00e0 Lausanne Ouchy, pr\u00e9paration \u00e0 l'examen pratique du permis lac voile et permis moteur et permis mer suisse","breadcrumb":{"@id":"http:\/\/www.ecole-de-voile.ch\/en\/#breadcrumb"},"inLanguage":"en-GB","potentialAction":[{"@type":"ReadAction","target":["http:\/\/www.ecole-de-voile.ch\/en\/"]}]},{"@type":"BreadcrumbList","@id":"http:\/\/www.ecole-de-voile.ch\/en\/#breadcrumb","itemListElement":[{"@type":"ListItem","position":1,"name":"Accueil","item":"http:\/\/www.ecole-de-voile.ch\/en\/"},{"@type":"ListItem","position":2,"name":"ACCUEIL"}]},{"@type":"WebSite","@id":"https:\/\/www.ecole-de-voile.ch\/#website","url":"https:\/\/www.ecole-de-voile.ch\/","name":"ECOLE DE VOILE OUCHY","description":"Du permis voile et moteur lac au permis mer !","publisher":{"@id":"https:\/\/www.ecole-de-voile.ch\/#organization"},"potentialAction":[{"@type":"SearchAction","target":{"@type":"EntryPoint","urlTemplate":"https:\/\/www.ecole-de-voile.ch\/?s={search_term_string}"},"query-input":{"@type":"PropertyValueSpecification","valueRequired":true,"valueName":"search_term_string"}}],"inLanguage":"en-GB"},{"@type":"Organization","@id":"https:\/\/www.ecole-de-voile.ch\/#organization","name":"Ecole de Voile d'Ouchy","url":"https:\/\/www.ecole-de-voile.ch\/","logo":{"@type":"ImageObject","inLanguage":"en-GB","@id":"https:\/\/www.ecole-de-voile.ch\/#\/schema\/logo\/image\/","url":"http:\/\/www.ecole-de-voile.ch\/wp-content\/uploads\/2020\/02\/LOGO_NEW_ECOLE_SITE.png","contentUrl":"http:\/\/www.ecole-de-voile.ch\/wp-content\/uploads\/2020\/02\/LOGO_NEW_ECOLE_SITE.png","width":1702,"height":196,"caption":"Ecole de Voile d'Ouchy"},"image":{"@id":"https:\/\/www.ecole-de-voile.ch\/#\/schema\/logo\/image\/"},"sameAs":["https:\/\/www.facebook.com\/ecoledevoileouchy\/","https:\/\/www.instagram.com\/ecoledevoileouchy\/?hl=fr"]}]}},"_links":{"self":[{"href":"https:\/\/www.ecole-de-voile.ch\/en\/wp-json\/wp\/v2\/pages\/28873","targetHints":{"allow":["GET"]}}],"collection":[{"href":"https:\/\/www.ecole-de-voile.ch\/en\/wp-json\/wp\/v2\/pages"}],"about":[{"href":"https:\/\/www.ecole-de-voile.ch\/en\/wp-json\/wp\/v2\/types\/page"}],"author":[{"embeddable":true,"href":"https:\/\/www.ecole-de-voile.ch\/en\/wp-json\/wp\/v2\/users\/1"}],"replies":[{"embeddable":true,"href":"https:\/\/www.ecole-de-voile.ch\/en\/wp-json\/wp\/v2\/comments?post=28873"}],"version-history":[{"count":86,"href":"https:\/\/www.ecole-de-voile.ch\/en\/wp-json\/wp\/v2\/pages\/28873\/revisions"}],"predecessor-version":[{"id":1334693,"href":"https:\/\/www.ecole-de-voile.ch\/en\/wp-json\/wp\/v2\/pages\/28873\/revisions\/1334693"}],"wp:attachment":[{"href":"https:\/\/www.ecole-de-voile.ch\/en\/wp-json\/wp\/v2\/media?parent=28873"}],"curies":[{"name":"wp","href":"https:\/\/api.w.org\/{rel}","templated":true}]}}