{"id":28942,"date":"2020-02-03T14:52:08","date_gmt":"2020-02-03T13:52:08","guid":{"rendered":"http:\/\/new.ecole-de-voile-lausanne.ch\/?page_id=28942"},"modified":"2025-09-11T14:28:45","modified_gmt":"2025-09-11T12:28:45","slug":"cours_perf","status":"publish","type":"page","link":"https:\/\/www.ecole-de-voile.ch\/en\/cours_perf\/","title":{"rendered":"IMPROVEMENT"},"content":{"rendered":"<p>[et_pb_section fb_built=&#8221;1&#8243; _builder_version=&#8221;4.2&#8243;][et_pb_row column_structure=&#8221;1_3,2_3&#8243; _builder_version=&#8221;4.2&#8243;][et_pb_column type=&#8221;1_3&#8243; _builder_version=&#8221;4.2&#8243;][et_pb_image src=&#8221;https:\/\/www.ecole-de-voile.ch\/wp-content\/uploads\/2020\/02\/voilier4.jpg&#8221; _builder_version=&#8221;4.2&#8243; border_width_all=&#8221;2px&#8221;][\/et_pb_image][\/et_pb_column][et_pb_column type=&#8221;2_3&#8243; _builder_version=&#8221;4.2&#8243;][et_pb_text _builder_version=&#8221;4.2&#8243; min_height=&#8221;316px&#8221;]<\/p>\n<h1>COURS DE PERFECTIONNEMENT<\/h1>\n<div class=\"contributed_html\">\n<h6><\/h6>\n<h4>Cours tr\u00e8s appr\u00e9ci\u00e9s par les \u00e9l\u00e8ves, et pour la 7\u00e8me \u00e9dition,<br \/> l&#8217;ECOLE DE VOILE D&#8217;OUCHY remet des cours de perfectionnement en 2025 !<\/h4>\n<h3><strong><\/strong><\/h3>\n<h3>Les cours ont lieu sur rendez-vous :<\/h3>\n<h3><span style=\"font-size: 18px;\">&#8211; LES JEUDIS de 18h \u00e0 20h<\/span><\/h3>\n<h3><span style=\"font-size: 18px;\">&#8211;<\/span><span style=\"font-size: 18px;\">D&#8217;autres jours pourront \u00eatre rajout\u00e9s selon la demande<\/span><\/h3>\n<p><span style=\"font-size: medium;\">4 personnes au maximum par sortie (2 heures environ)<br \/> Quelques semaines de vacances auront lieu en juillet\/aout<br \/> Pour les \u00e9l\u00e8ves d\u00e9j\u00e0 en place, certains cours auront lieu de nuit, notamment en fin de saison<br \/> <\/span><\/p>\n<p><span size=\"3\" style=\"font-size: medium;\"><span style=\"text-decoration: underline;\"><strong><\/strong><\/span><\/span><\/p>\n<p><span size=\"3\" style=\"font-size: medium;\"><span style=\"text-decoration: underline;\"><strong>A qui s&#8217;adresse les cours de perfectionnement ?<\/strong><\/span><br \/> &#8211; celles et ceux qui poss\u00e8dent le permis voile et souhaitent pratiquer<br \/> &#8211; celles et ceux qui poss\u00e8dent un peu d&#8217;exp\u00e9rience et souhaitent gagner en autonomie et en confiance dans la gestion d&#8217;un voilier.<br \/> <\/span><\/p>\n<p><span size=\"3\" style=\"font-size: medium;\">Pour celles et ceux qui souhaitent obtenir le permis voile (Cat. D) merci de vous r\u00e9f\u00e9rer \u00e0 notre page <a href=\"https:\/\/www.ecole-de-voile.ch\/cours-de-voile-permis-lac\/\">COURS VOILE<\/a>.<\/span><\/p>\n<\/div>\n<p>[\/et_pb_text][\/et_pb_column][\/et_pb_row][et_pb_row column_structure=&#8221;1_2,1_2&#8243; _builder_version=&#8221;4.2&#8243; border_width_all=&#8221;1px&#8221;][et_pb_column type=&#8221;1_2&#8243; _builder_version=&#8221;4.2&#8243;][et_pb_button button_url=&#8221;https:\/\/www.ecole-de-voile.ch\/contact\/&#8221; button_text=&#8221;JE VEUX M&#8217;INSCRIRE&#8221; button_alignment=&#8221;center&#8221; _builder_version=&#8221;4.2&#8243; custom_button=&#8221;on&#8221; button_text_color=&#8221;#ffffff&#8221; button_bg_color=&#8221;#0c71c3&#8243; custom_padding=&#8221;0px|||||&#8221;][\/et_pb_button][et_pb_text _builder_version=&#8221;4.2&#8243;]<\/p>\n<p style=\"text-align: center;\"><strong>Vous souhaitez participer \u00e0 nos cours de perfectionnement ?<\/strong><\/p>\n<p style=\"text-align: center;\"><strong>Pour les nouveaux \u00e9l\u00e8ves<\/strong>, merci de bien vouloir <a href=\"https:\/\/www.ecole-de-voile.ch\/contact\/\">prendre contact<\/a> avec nous afin que nous puissions vous cr\u00e9er un compte dans notre syst\u00e8me de r\u00e9servation en ligne des cours. Merci de nous communiquer votre nom, pr\u00e9nom, adresse email et num\u00e9ro de natel.<\/p>\n<p>[\/et_pb_text][\/et_pb_column][et_pb_column type=&#8221;1_2&#8243; _builder_version=&#8221;4.2&#8243;][et_pb_button button_url=&#8221;https:\/\/stub.agenda.ch\/widget?company_id=985&#038;locale=fr&#8221; button_text=&#8221;R\u00c9SERVER UN COURS&#8221; button_alignment=&#8221;center&#8221; _builder_version=&#8221;4.2&#8243; custom_button=&#8221;on&#8221; button_text_color=&#8221;#ffffff&#8221; button_bg_color=&#8221;#8300e9&#8243; custom_padding=&#8221;0px|||||&#8221;][\/et_pb_button][et_pb_text _builder_version=&#8221;4.2&#8243;]<\/p>\n<p style=\"text-align: center;\">J&#8217;ai d\u00e9j\u00e0 un compte et je souhaite r\u00e9server un cours.<\/p>\n<p style=\"text-align: center;\">Pour r\u00e9server un cours, cliquez sur le bouton ci-dessus.<\/p>\n<p style=\"text-align: center;\">Veuillez s\u00e9lectionner <strong>COURS PERF.<\/strong><\/p>\n<p>[\/et_pb_text][\/et_pb_column][\/et_pb_row][et_pb_row _builder_version=&#8221;4.2&#8243; min_height=&#8221;469px&#8221; border_width_all=&#8221;1px&#8221;][et_pb_column type=&#8221;4_4&#8243; _builder_version=&#8221;4.2&#8243;][et_pb_text _builder_version=&#8221;4.2&#8243; min_height=&#8221;449px&#8221; custom_padding=&#8221;||0px|||&#8221;]<\/p>\n<p>&nbsp;<\/p>\n<table style=\"width: 95.7544%;\">\n<tbody>\n<tr style=\"height: 55px;\">\n<td style=\"width: 25%; height: 55px;\"><strong>DESCRIPTIONS<\/strong><\/td>\n<td style=\"width: 13.1008%; height: 55px;\"><strong>TARIFS<\/strong><\/td>\n<\/tr>\n<tr style=\"height: 82px;\">\n<td style=\"width: 25%; height: 82px;\"><strong>Abonnement 12 sorties de perfectionnement<\/strong><span style=\"font-size: 12px;\"><br \/> <\/span><span style=\"font-size: 12px;\"> Cours de 2 heures <em>(nous sortons de nuit et \u00e9galement par vent fort &#8221;sauf avis de temp\u00eate&#8221;<\/em><\/span><\/td>\n<td style=\"width: 13.1008%; height: 82px;\"><strong>Sfr. 790.-\u00a0<span style=\"font-size: 9px;\">(=Sfr. 33.-\/h)<\/span><\/strong><\/td>\n<\/tr>\n<tr style=\"height: 70.8px;\">\n<td style=\"width: 25%; height: 70.8px;\"><strong>Abonnement 6 sorties de perfectionnement<\/strong><span style=\"font-size: 12px;\"><\/span><br \/> <span style=\"font-size: 12px;\"> Cours de 2 heures <em>(nous sortons de nuit et \u00e9galement par vent fort &#8221;sauf avis de temp\u00eate&#8221;<\/em><\/span><\/td>\n<td style=\"width: 13.1008%; height: 70.8px;\"><strong>Sfr. 490.-\u00a0<span style=\"font-size: 9px;\">(=Sfr. 40.-\/h)<\/span><\/strong><\/td>\n<\/tr>\n<tr style=\"height: 74px;\">\n<td style=\"width: 25%; height: 74px;\"><strong>1 sortie de perfectionnement EN PRIVE<\/strong><br \/> <span style=\"font-style: italic; font-size: 12px;\"><u>Vous serez seul(s) avec le moniteur pendant 2 heures<br \/> <\/u><\/span><\/td>\n<td style=\"width: 13.1008%; height: 74px;\"><strong>Sfr. 180.-\u00a0<span style=\"font-size: 9px;\">(=Sfr. 90.-\/h)<\/span><\/strong><\/td>\n<\/tr>\n<\/tbody>\n<\/table>\n<p><span style=\"font-size: 12px;\"><u>*Conditions des cours de perfectionnement:<\/u><\/span><\/p>\n<p><span style=\"font-size: 12px;\">Les forfaits sont valables pour la saison en cours.\u00a0<\/span><span style=\"font-size: 12px;\">Les le\u00e7ons non utilis\u00e9es et non r\u00e9serv\u00e9es, ne pourront pas \u00eatre report\u00e9es la saisons suivante.<\/span><\/p>\n<p>[\/et_pb_text][\/et_pb_column][\/et_pb_row][et_pb_row _builder_version=&#8221;4.2&#8243;][et_pb_column type=&#8221;4_4&#8243; _builder_version=&#8221;4.2&#8243;][et_pb_text _builder_version=&#8221;4.2&#8243; hover_enabled=&#8221;0&#8243;]<\/p>\n<p>Paiement\u00a0en ligne sur notre <a href=\"https:\/\/www.ecole-de-voile.ch\/paiements\/\" data-original-title=\"\">PAGE PAIEMENT<\/a> ou directement au bureau de\u00a0l\u2019\u00e9cole de voile (carte ou esp\u00e8ce).<\/p>\n<p>&nbsp;<\/p>\n<h3><strong>VOUS AVEZ DEJA LE PERMIS VOILE <\/strong><strong>OU UN PEU D&#8217;EXPERIENCE ?<br \/> VOUS SOUHAITEZ GAGNER EN CONFIANCE ET EN AUTONOMIE ?<\/strong><\/h3>\n<h4><strong>PROFITEZ DE NOS SORTIES HEBDOMADAIRES POUR VOUS PERFECTIONNER A LA VOILE !<\/strong><\/h4>\n<p>Nous savons qu&#8217;il est difficile de pratiquer et continuer d&#8217;apprendre \u00e0 naviguer lorsque nous avons des connaissances de voile et que nous n&#8217;avons pas de bateau \u00e0 disposition. C&#8217;est pour CETTE RAISON que l&#8217;Ecole de Voile d&#8217;Ouchy propose des sorties hebdomadaires de perfectionnement.<br \/> Sous forme d&#8217;abonnement, vous pouvez venir naviguer avec nous et continuer d&#8217;apprendre de nouvelles choses, gagner en confiance et en autonomie dans la gestion d&#8217;un voilier de pr\u00e8s de 8m avec cabine !<\/p>\n<p>Le th\u00e8me de chaque sortie d\u00e9pendra de l&#8217;envie des \u00e9l\u00e8ves et des conditions m\u00e9t\u00e9o.<\/p>\n<p><strong><u>LE BATEAU:<\/u><\/strong><br \/> Un <a href=\"https:\/\/fr.wikipedia.org\/wiki\/Surprise_(voilier)\" target=\"_blank\" data-original-title=\"\" rel=\"noopener noreferrer\">Archambault SURPRISE<\/a> de derni\u00e8re g\u00e9n\u00e9ration<br \/> Visitez le voilier en 360 degr\u00e9s sur notre page FaceBook : <a href=\"https:\/\/www.facebook.com\/100025861972306\/posts\/135564780648920\/\" target=\"_blank\" data-original-title=\"\" rel=\"noopener noreferrer\">CLIQUEZ ICI\u00a0<\/a><\/p>\n<p>Gr\u00e2ce \u00e0 notre syst\u00e8me de r\u00e9servation en ligne, vous choisissez le jour qui vous int\u00e9resse et saisissez le <u><strong>CODE DE VALIDATION<\/strong><\/u> qui vous sera transmis lors de votre inscription.<\/p>\n<p>[\/et_pb_text][\/et_pb_column][\/et_pb_row][\/et_pb_section]<\/p>\n","protected":false},"excerpt":{"rendered":"<p>[et_pb_section fb_built=&#8221;1&#8243; _builder_version=&#8221;4.2&#8243;][et_pb_row column_structure=&#8221;1_3,2_3&#8243; _builder_version=&#8221;4.2&#8243;][et_pb_column type=&#8221;1_3&#8243; _builder_version=&#8221;4.2&#8243;][et_pb_image src=&#8221;https:\/\/www.ecole-de-voile.ch\/wp-content\/uploads\/2020\/02\/voilier4.jpg&#8221; _builder_version=&#8221;4.2&#8243; border_width_all=&#8221;2px&#8221;][\/et_pb_image][\/et_pb_column][et_pb_column type=&#8221;2_3&#8243; _builder_version=&#8221;4.2&#8243;][et_pb_text _builder_version=&#8221;4.2&#8243; min_height=&#8221;316px&#8221;] COURS DE PERFECTIONNEMENT Cours tr\u00e8s appr\u00e9ci\u00e9s par les \u00e9l\u00e8ves, et pour la 7\u00e8me \u00e9dition, l&#8217;ECOLE DE VOILE D&#8217;OUCHY remet des cours de perfectionnement en 2025 ! Les cours ont lieu sur rendez-vous : &#8211; LES JEUDIS de 18h \u00e0 20h &#8211;D&#8217;autres [&hellip;]<\/p>\n","protected":false},"author":1,"featured_media":0,"parent":0,"menu_order":0,"comment_status":"closed","ping_status":"closed","template":"","meta":{"_et_pb_use_builder":"on","_et_pb_old_content":"","_et_gb_content_width":"","footnotes":""},"class_list":["post-28942","page","type-page","status-publish","hentry"],"yoast_head":"<!-- This site is optimized with the Yoast SEO plugin v27.5 - https:\/\/yoast.com\/product\/yoast-seo-wordpress\/ -->\n<title>PERFECTIONNEMENT - ECOLE DE VOILE D&#039;OUCHY<\/title>\n<meta name=\"description\" content=\"Cours de voile perfectionnement sur voilier pour adultes - Pr\u00e9parez vous \u00e0 progresser dans la conduite d&#039;un voilier !\" \/>\n<meta name=\"robots\" content=\"index, follow, max-snippet:-1, max-image-preview:large, max-video-preview:-1\" \/>\n<link rel=\"canonical\" href=\"http:\/\/www.ecole-de-voile.ch\/en\/cours_perf\/\" \/>\n<meta property=\"og:locale\" content=\"en_GB\" \/>\n<meta property=\"og:type\" content=\"article\" \/>\n<meta property=\"og:title\" content=\"PERFECTIONNEMENT - ECOLE DE VOILE D&#039;OUCHY\" \/>\n<meta property=\"og:description\" content=\"Cours de voile perfectionnement sur voilier pour adultes - Pr\u00e9parez vous \u00e0 progresser dans la conduite d&#039;un voilier !\" \/>\n<meta property=\"og:url\" content=\"http:\/\/www.ecole-de-voile.ch\/en\/cours_perf\/\" \/>\n<meta property=\"og:site_name\" content=\"ECOLE DE VOILE D&#039;OUCHY\" \/>\n<meta property=\"article:publisher\" content=\"https:\/\/www.facebook.com\/ecoledevoileouchy\/\" \/>\n<meta property=\"article:modified_time\" content=\"2025-09-11T12:28:45+00:00\" \/>\n<meta name=\"twitter:card\" content=\"summary_large_image\" \/>\n<meta name=\"twitter:label1\" content=\"Estimated reading time\" \/>\n\t<meta name=\"twitter:data1\" content=\"4 minutes\" \/>\n<script type=\"application\/ld+json\" class=\"yoast-schema-graph\">{\"@context\":\"https:\\\/\\\/schema.org\",\"@graph\":[{\"@type\":\"WebPage\",\"@id\":\"http:\\\/\\\/www.ecole-de-voile.ch\\\/cours_perf\\\/\",\"url\":\"http:\\\/\\\/www.ecole-de-voile.ch\\\/cours_perf\\\/\",\"name\":\"PERFECTIONNEMENT - ECOLE DE VOILE D&#039;OUCHY\",\"isPartOf\":{\"@id\":\"https:\\\/\\\/www.ecole-de-voile.ch\\\/#website\"},\"datePublished\":\"2020-02-03T13:52:08+00:00\",\"dateModified\":\"2025-09-11T12:28:45+00:00\",\"description\":\"Cours de voile perfectionnement sur voilier pour adultes - Pr\u00e9parez vous \u00e0 progresser dans la conduite d'un voilier !\",\"breadcrumb\":{\"@id\":\"http:\\\/\\\/www.ecole-de-voile.ch\\\/cours_perf\\\/#breadcrumb\"},\"inLanguage\":\"en-GB\",\"potentialAction\":[{\"@type\":\"ReadAction\",\"target\":[\"http:\\\/\\\/www.ecole-de-voile.ch\\\/cours_perf\\\/\"]}]},{\"@type\":\"BreadcrumbList\",\"@id\":\"http:\\\/\\\/www.ecole-de-voile.ch\\\/cours_perf\\\/#breadcrumb\",\"itemListElement\":[{\"@type\":\"ListItem\",\"position\":1,\"name\":\"Accueil\",\"item\":\"http:\\\/\\\/www.ecole-de-voile.ch\\\/en\\\/\"},{\"@type\":\"ListItem\",\"position\":2,\"name\":\"PERFECTIONNEMENT\"}]},{\"@type\":\"WebSite\",\"@id\":\"https:\\\/\\\/www.ecole-de-voile.ch\\\/#website\",\"url\":\"https:\\\/\\\/www.ecole-de-voile.ch\\\/\",\"name\":\"ECOLE DE VOILE OUCHY\",\"description\":\"Du permis voile et moteur lac au permis mer !\",\"publisher\":{\"@id\":\"https:\\\/\\\/www.ecole-de-voile.ch\\\/#organization\"},\"potentialAction\":[{\"@type\":\"SearchAction\",\"target\":{\"@type\":\"EntryPoint\",\"urlTemplate\":\"https:\\\/\\\/www.ecole-de-voile.ch\\\/?s={search_term_string}\"},\"query-input\":{\"@type\":\"PropertyValueSpecification\",\"valueRequired\":true,\"valueName\":\"search_term_string\"}}],\"inLanguage\":\"en-GB\"},{\"@type\":\"Organization\",\"@id\":\"https:\\\/\\\/www.ecole-de-voile.ch\\\/#organization\",\"name\":\"Ecole de Voile d'Ouchy\",\"url\":\"https:\\\/\\\/www.ecole-de-voile.ch\\\/\",\"logo\":{\"@type\":\"ImageObject\",\"inLanguage\":\"en-GB\",\"@id\":\"https:\\\/\\\/www.ecole-de-voile.ch\\\/#\\\/schema\\\/logo\\\/image\\\/\",\"url\":\"http:\\\/\\\/www.ecole-de-voile.ch\\\/wp-content\\\/uploads\\\/2020\\\/02\\\/LOGO_NEW_ECOLE_SITE.png\",\"contentUrl\":\"http:\\\/\\\/www.ecole-de-voile.ch\\\/wp-content\\\/uploads\\\/2020\\\/02\\\/LOGO_NEW_ECOLE_SITE.png\",\"width\":1702,\"height\":196,\"caption\":\"Ecole de Voile d'Ouchy\"},\"image\":{\"@id\":\"https:\\\/\\\/www.ecole-de-voile.ch\\\/#\\\/schema\\\/logo\\\/image\\\/\"},\"sameAs\":[\"https:\\\/\\\/www.facebook.com\\\/ecoledevoileouchy\\\/\",\"https:\\\/\\\/www.instagram.com\\\/ecoledevoileouchy\\\/?hl=fr\"]}]}<\/script>\n<!-- \/ Yoast SEO plugin. -->","yoast_head_json":{"title":"PERFECTIONNEMENT - ECOLE DE VOILE D&#039;OUCHY","description":"Cours de voile perfectionnement sur voilier pour adultes - Pr\u00e9parez vous \u00e0 progresser dans la conduite d'un voilier !","robots":{"index":"index","follow":"follow","max-snippet":"max-snippet:-1","max-image-preview":"max-image-preview:large","max-video-preview":"max-video-preview:-1"},"canonical":"http:\/\/www.ecole-de-voile.ch\/en\/cours_perf\/","og_locale":"en_GB","og_type":"article","og_title":"PERFECTIONNEMENT - ECOLE DE VOILE D&#039;OUCHY","og_description":"Cours de voile perfectionnement sur voilier pour adultes - Pr\u00e9parez vous \u00e0 progresser dans la conduite d'un voilier !","og_url":"http:\/\/www.ecole-de-voile.ch\/en\/cours_perf\/","og_site_name":"ECOLE DE VOILE D&#039;OUCHY","article_publisher":"https:\/\/www.facebook.com\/ecoledevoileouchy\/","article_modified_time":"2025-09-11T12:28:45+00:00","twitter_card":"summary_large_image","twitter_misc":{"Estimated reading time":"4 minutes"},"schema":{"@context":"https:\/\/schema.org","@graph":[{"@type":"WebPage","@id":"http:\/\/www.ecole-de-voile.ch\/cours_perf\/","url":"http:\/\/www.ecole-de-voile.ch\/cours_perf\/","name":"PERFECTIONNEMENT - ECOLE DE VOILE D&#039;OUCHY","isPartOf":{"@id":"https:\/\/www.ecole-de-voile.ch\/#website"},"datePublished":"2020-02-03T13:52:08+00:00","dateModified":"2025-09-11T12:28:45+00:00","description":"Cours de voile perfectionnement sur voilier pour adultes - Pr\u00e9parez vous \u00e0 progresser dans la conduite d'un voilier !","breadcrumb":{"@id":"http:\/\/www.ecole-de-voile.ch\/cours_perf\/#breadcrumb"},"inLanguage":"en-GB","potentialAction":[{"@type":"ReadAction","target":["http:\/\/www.ecole-de-voile.ch\/cours_perf\/"]}]},{"@type":"BreadcrumbList","@id":"http:\/\/www.ecole-de-voile.ch\/cours_perf\/#breadcrumb","itemListElement":[{"@type":"ListItem","position":1,"name":"Accueil","item":"http:\/\/www.ecole-de-voile.ch\/en\/"},{"@type":"ListItem","position":2,"name":"PERFECTIONNEMENT"}]},{"@type":"WebSite","@id":"https:\/\/www.ecole-de-voile.ch\/#website","url":"https:\/\/www.ecole-de-voile.ch\/","name":"ECOLE DE VOILE OUCHY","description":"Du permis voile et moteur lac au permis mer !","publisher":{"@id":"https:\/\/www.ecole-de-voile.ch\/#organization"},"potentialAction":[{"@type":"SearchAction","target":{"@type":"EntryPoint","urlTemplate":"https:\/\/www.ecole-de-voile.ch\/?s={search_term_string}"},"query-input":{"@type":"PropertyValueSpecification","valueRequired":true,"valueName":"search_term_string"}}],"inLanguage":"en-GB"},{"@type":"Organization","@id":"https:\/\/www.ecole-de-voile.ch\/#organization","name":"Ecole de Voile d'Ouchy","url":"https:\/\/www.ecole-de-voile.ch\/","logo":{"@type":"ImageObject","inLanguage":"en-GB","@id":"https:\/\/www.ecole-de-voile.ch\/#\/schema\/logo\/image\/","url":"http:\/\/www.ecole-de-voile.ch\/wp-content\/uploads\/2020\/02\/LOGO_NEW_ECOLE_SITE.png","contentUrl":"http:\/\/www.ecole-de-voile.ch\/wp-content\/uploads\/2020\/02\/LOGO_NEW_ECOLE_SITE.png","width":1702,"height":196,"caption":"Ecole de Voile d'Ouchy"},"image":{"@id":"https:\/\/www.ecole-de-voile.ch\/#\/schema\/logo\/image\/"},"sameAs":["https:\/\/www.facebook.com\/ecoledevoileouchy\/","https:\/\/www.instagram.com\/ecoledevoileouchy\/?hl=fr"]}]}},"_links":{"self":[{"href":"https:\/\/www.ecole-de-voile.ch\/en\/wp-json\/wp\/v2\/pages\/28942","targetHints":{"allow":["GET"]}}],"collection":[{"href":"https:\/\/www.ecole-de-voile.ch\/en\/wp-json\/wp\/v2\/pages"}],"about":[{"href":"https:\/\/www.ecole-de-voile.ch\/en\/wp-json\/wp\/v2\/types\/page"}],"author":[{"embeddable":true,"href":"https:\/\/www.ecole-de-voile.ch\/en\/wp-json\/wp\/v2\/users\/1"}],"replies":[{"embeddable":true,"href":"https:\/\/www.ecole-de-voile.ch\/en\/wp-json\/wp\/v2\/comments?post=28942"}],"version-history":[{"count":41,"href":"https:\/\/www.ecole-de-voile.ch\/en\/wp-json\/wp\/v2\/pages\/28942\/revisions"}],"predecessor-version":[{"id":1097111,"href":"https:\/\/www.ecole-de-voile.ch\/en\/wp-json\/wp\/v2\/pages\/28942\/revisions\/1097111"}],"wp:attachment":[{"href":"https:\/\/www.ecole-de-voile.ch\/en\/wp-json\/wp\/v2\/media?parent=28942"}],"curies":[{"name":"wp","href":"https:\/\/api.w.org\/{rel}","templated":true}]}}