{"id":28967,"date":"2020-02-03T17:09:56","date_gmt":"2020-02-03T16:09:56","guid":{"rendered":"http:\/\/new.ecole-de-voile-lausanne.ch\/?page_id=28967"},"modified":"2026-03-03T09:51:42","modified_gmt":"2026-03-03T08:51:42","slug":"cours-premiers-secours","status":"publish","type":"page","link":"https:\/\/www.ecole-de-voile.ch\/en\/cours-premiers-secours\/","title":{"rendered":"FIRST AID COURSE (ONLY AVAILABLE IN FRENCH)"},"content":{"rendered":"<p>[et_pb_section fb_built=&#8221;1&#8243; _builder_version=&#8221;4.2&#8243;][et_pb_row column_structure=&#8221;1_3,2_3&#8243; _builder_version=&#8221;4.2&#8243;][et_pb_column type=&#8221;1_3&#8243; _builder_version=&#8221;4.2&#8243;][et_pb_image src=&#8221;https:\/\/www.ecole-de-voile.ch\/wp-content\/uploads\/2020\/02\/IMAGE-SECOURS.png&#8221; _builder_version=&#8221;4.2&#8243; min_height=&#8221;285px&#8221; custom_padding=&#8221;||0px|||&#8221; border_width_all=&#8221;2px&#8221;][\/et_pb_image][\/et_pb_column][et_pb_column type=&#8221;2_3&#8243; _builder_version=&#8221;4.2&#8243;][et_pb_text _builder_version=&#8221;4.2&#8243; min_height=&#8221;316px&#8221;]<\/p>\n<div>\n<h1>COURS PREMIERS SECOURS<\/h1>\n<\/div>\n<div class=\"contributed_html\">\n<div class=\"row-fluid\">\n<div class=\"span12\">\n<p>Pour l\u2019obtention de votre permis mer, une attestation de premier secours est obligatoire !<\/p>\n<p>Afin que cette formation soit utile, l\u2019Ecole de Voile d\u2019Ouchy vous propose en partenariat avec HEMOSTAZ SARL\u00a0<u><strong>DES COURS DE PREMIERS SECOURS valable pour l&#8217;obtention de votre permis mer !<\/strong><\/u><\/p>\n<p><u><strong><\/strong><\/u><\/p>\n<p><span><strong><span style=\"text-decoration: underline;\">INSCRIPTION<\/span><\/strong>: Pour vous inscrire, merci de remplir le formulaire ci-dessous.<\/span><br \/> <span> Afin que nous puissions r\u00e9aliser l&#8217;attestation (valable 6 ans), veuillez noter que tous les champs sont requis.<\/span><\/p>\n<p><span>Votre inscription sera valid\u00e9e uniquement apr\u00e8s r\u00e9ception de votre paiement (voir moyens de paiement ci-dessus)<\/span><\/p>\n<\/div>\n<\/div>\n<\/div>\n<p>[\/et_pb_text][\/et_pb_column][\/et_pb_row][et_pb_row _builder_version=&#8221;4.2&#8243;][et_pb_column type=&#8221;4_4&#8243; _builder_version=&#8221;4.2&#8243;][et_pb_text _builder_version=&#8221;4.2&#8243; border_width_all=&#8221;2px&#8221;]<\/p>\n<p style=\"text-align: center;\"><span style=\"font-size: 14px; color: #0000ff;\"><b><u>COURS PREMIERS SECOURS<br \/> <\/u><\/b>valable pour permis mer<\/span><\/p>\n<p><span>Que faire lorsque les secours sont \u00e0 une longue distance ? Les premiers gestes sont essentiels !<\/span><\/p>\n<p>Par des cas pratiques ainsi que des exercices, nous aborderons les principes de base obligatoires<br \/> ainsi que les th\u00e8mes suivants :<\/p>\n<p>Que faire en cas de mal de mer ?\u00a0Que faire pour un membre \u00e9cras\u00e9 ou cass\u00e9 ?\u00a0Que faire en cas d&#8217;une coupure ou d&#8217;une plaie ouverte ?\u00a0Que faire en cas de br\u00fblure ou de noyade ?\u00a0Peut-on utiliser du mat\u00e9riel \u00e0 bord du bateau ?\u00a0Comment pratiquer un massage cardiaque ?\u00a0Quelle est la meilleure position de s\u00e9curit\u00e9 ? Comment d\u00e9placer ou extraire un bless\u00e9 en dehors d&#8217;un bateau ?<\/p>\n<p>Par des exercices et des \u00e9tudes de cas, l&#8217;intervenant sp\u00e9cialiste pourra r\u00e9pondre \u00e0 toutes vos questions !<\/p>\n<p>[\/et_pb_text][et_pb_text _builder_version=&#8221;4.2&#8243;]<\/p>\n<h1 style=\"text-align: center;\"><span color=\"#0000ff\" style=\"color: #000000;\"><b>DECOURVEZ LES DATES DES MODULES CI-DESSOUS:<\/b><\/span><\/h1>\n<p>[\/et_pb_text][\/et_pb_column][\/et_pb_row][et_pb_row _builder_version=&#8221;4.2&#8243;][et_pb_column type=&#8221;4_4&#8243; _builder_version=&#8221;4.2&#8243;][et_pb_text _builder_version=&#8221;4.2&#8243; border_width_all=&#8221;2px&#8221;]<\/p>\n<p style=\"text-align: center;\"><strong style=\"font-size: 14px;\"><u>DATES DES COURS 2026:<\/u><\/strong><\/p>\n<p>Quand ? : <strong>28 NOVEMBRE 2026<\/strong><span style=\"-webkit-text-size-adjust: 100%;\"><strong>\u00a0&#8211;\u00a0\u00a0<\/strong>(7h30 &#8211; 18h30 avec pause \u00e0 midi)<br \/> O\u00f9 ca ? : <strong>dans les locaux de HEMOSTAZ S\u00e0rl &#8211; En Budron B8 &#8211; 1052 Le Mont-sur-Lausanne<\/strong><\/span><\/p>\n<p><u><\/u>Nombre de place:<span style=\"color: #000000;\"> <strong>(<span style=\"color: #e02b20;\">PLACES DISPONIBLES<\/span>)<br \/> <\/strong><\/span>Tarif: CHF 220.- (1 livre r\u00e9capitulatif est OFFERT)<span style=\"border-block: unset; border-inline: unset; border-start-start-radius: unset; border-start-end-radius: unset; border-end-start-radius: unset; border-end-end-radius: unset; overflow-inline: unset; overflow-block: unset; margin-block: unset; margin-inline: unset; scroll-margin-block: unset; scroll-margin-inline: unset; padding-block: unset; padding-inline: unset; scroll-padding-block: unset; scroll-padding-inline: unset; inset-block: unset; inset-inline: unset; block-size: unset; min-block-size: unset; max-block-size: unset; inline-size: unset; min-inline-size: unset; max-inline-size: unset; background: unset; background-blend-mode: unset; border: unset; border-radius: unset; box-decoration-break: unset; -moz-float-edge: unset; display: unset; position: fixed; float: unset; clear: unset; vertical-align: unset; overflow: unset; overflow-anchor: unset; transition: unset; animation: unset; transform: unset; rotate: unset; scale: unset; translate: unset; offset: unset; scroll-behavior: unset; scroll-snap-align: unset; scroll-snap-type: unset; overscroll-behavior: unset; isolation: unset; break-after: unset; break-before: unset; break-inside: unset; resize: unset; perspective: unset; perspective-origin: unset; backface-visibility: unset; transform-box: unset; transform-style: unset; transform-origin: unset; contain: unset; -moz-appearance: unset; -moz-orient: unset; will-change: unset; shape-image-threshold: unset; shape-margin: unset; shape-outside: unset; touch-action: unset; -webkit-line-clamp: unset; columns: unset; column-fill: unset; column-rule: unset; column-span: unset; content: unset; counter-increment: unset; counter-reset: unset; counter-set: unset; opacity: unset; box-shadow: unset; clip: rect(0px, 0px, 0px, 0px); filter: unset; mix-blend-mode: unset; font: unset; font-synthesis: unset; visibility: unset; writing-mode: unset; text-orientation: unset; color-adjust: unset; image-rendering: unset; image-orientation: unset; dominant-baseline: unset; text-anchor: unset; color-interpolation: unset; color-interpolation-filters: unset; fill: unset; fill-opacity: unset; fill-rule: unset; shape-rendering: unset; stroke: unset; stroke-width: unset; stroke-linecap: unset; stroke-linejoin: unset; stroke-miterlimit: unset; stroke-opacity: unset; stroke-dasharray: unset; stroke-dashoffset: unset; clip-rule: unset; marker: unset; paint-order: unset; -moz-context-properties: unset; border-collapse: unset; empty-cells: unset; caption-side: unset; border-spacing: unset; color: unset; text-transform: unset; hyphens: unset; -moz-text-size-adjust: unset; text-indent: unset; overflow-wrap: unset; word-break: unset; text-justify: unset; text-align-last: unset; text-align: unset; letter-spacing: unset; word-spacing: unset; white-space: pre; text-shadow: unset; text-emphasis: unset; text-emphasis-position: unset; -moz-tab-size: unset; line-break: unset; -webkit-text-fill-color: unset; -webkit-text-stroke: unset; ruby-align: unset; ruby-position: unset; text-combine-upright: unset; text-rendering: unset; -moz-control-character-visibility: unset; text-underline-offset: unset; text-decoration-skip-ink: unset; cursor: unset; pointer-events: unset; -moz-user-input: unset; -moz-user-modify: unset; -moz-user-focus: unset; caret-color: unset; scrollbar-color: unset; list-style: unset; quotes: unset; -moz-image-region: unset; margin: unset; scroll-margin: unset; outline: unset; -moz-outline-radius: unset; outline-offset: unset; padding: unset; scroll-padding: unset; top: 0px; right: unset; bottom: unset; left: unset; z-index: unset; flex-flow: unset; place-content: unset; place-items: unset; flex: unset; place-self: unset; order: unset; width: unset; min-width: unset; max-width: unset; height: unset; min-height: unset; max-height: unset; box-sizing: unset; object-fit: unset; object-position: unset; grid-area: unset; grid: unset; gap: unset; vector-effect: unset; stop-color: unset; stop-opacity: unset; flood-color: unset; flood-opacity: unset; lighting-color: unset; mask-type: unset; clip-path: unset; mask: unset; x: unset; y: unset; cx: unset; cy: unset; rx: unset; ry: unset; r: unset; table-layout: unset; text-overflow: unset; text-decoration: unset; ime-mode: unset; scrollbar-width: unset; user-select: text; -moz-window-dragging: unset; -moz-force-broken-image-icon: unset; -moz-box-align: unset; -moz-box-direction: unset; -moz-box-flex: unset; -moz-box-orient: unset; -moz-box-pack: unset; -moz-stack-sizing: unset; -moz-box-ordinal-group: unset;\"><\/span><\/p>\n<p><span><em>6 participants minimum sans quoi le cours est report\u00e9 \u00e0 la date suivante<strong><br \/> <\/strong><\/em><\/span><\/p>\n<p>A l&#8217;issue de ce cours, une attestation vous sera envoy\u00e9 avec une validit\u00e9 de 6 ans.\u00a0Pour plus d&#8217;information, <a href=\"https:\/\/www.ecole-de-voile.ch\/contact\/\">veuillez nous contacter.<\/a><span style=\"font-size: 14px;\">\u00a0<\/span><\/p>\n<p>[\/et_pb_text][\/et_pb_column][\/et_pb_row][et_pb_row _builder_version=&#8221;4.2&#8243;][et_pb_column type=&#8221;4_4&#8243; _builder_version=&#8221;4.2&#8243;][et_pb_text _builder_version=&#8221;4.2&#8243;]<\/p>\n<h1 style=\"text-align: center;\"><span><strong>MOYENS DE PAIEMENT:<\/strong><\/span><\/h1>\n<p style=\"text-align: center;\">[\/et_pb_text][et_pb_text _builder_version=&#8221;4.2&#8243; border_width_all=&#8221;1px&#8221;]<\/p>\n<p><span><strong>MOYENS DE PAIEMENT:<\/strong><\/span><\/p>\n<p><span><strong>EN LIGNE:<\/strong><\/span><br \/><span>Vous pouvez r\u00e9aliser le paiement directement en ligne sur\u00a0<\/span><a href=\"https:\/\/www.ecole-de-voile.ch\/paiements\/\"><span>NOTRE PAGE PAIEMENT<\/span>.<\/a>\u00a0<\/p>\n<p><span style=\"text-decoration: underline;\"><strong>PAR VIREMENT BANCAIRE:<\/strong><\/span><\/p>\n<p>Vous pouvez r\u00e9aliser le paiement en effectuant un versement bancaire en utilisant les coordonn\u00e9es suivantes:<br \/> Motif de paiement : COURS 1ER SECOURS<br \/> IBAN: CH44 0024 3243 3941 3201 K<br \/> En\u00a0faveur de : EVO S.\u00e0.r.l &#8211; Ecole de de voile d\u2019Ouchy, Ch. des P\u00eacheurs 7, 1007 Lausanne<\/p>\n<p>[\/et_pb_text][\/et_pb_column][\/et_pb_row][et_pb_row _builder_version=&#8221;4.2&#8243; border_width_all=&#8221;1px&#8221;][et_pb_column type=&#8221;4_4&#8243; _builder_version=&#8221;4.2&#8243;][et_pb_text _builder_version=&#8221;4.2&#8243;]<\/p>\n<h1 style=\"text-align: center;\"><strong><span style=\"color: #ff0000;\">INSCRIPTION<\/span><\/strong><\/h1>\n<p style=\"text-align: left;\"><span>Pour vous inscrire, merci de remplir le formulaire ci-dessous.<\/span><br \/> <span> Afin que nous puissions r\u00e9aliser l&#8217;attestation (valable 6 ans), veuillez noter que tous les champs sont requis.<\/span><\/p>\n<p style=\"text-align: left;\"><span>Les inscriptions sont valid\u00e9es uniquement apr\u00e8s r\u00e9ception du paiement (voir moyens de paiement ci-dessus)<\/span><\/p>\n<p>[\/et_pb_text][et_pb_code _builder_version=&#8221;4.2&#8243;]\n<!-- This file should primarily consist of HTML with a little bit of PHP. -->\n<div class=\"app-flo-forms app-flo-forms_30255\" data-form_id=\"30255\">\n  <form class=\"flo-form\" enctype=\"multipart\/form-data\" >\n    <flo-form v-bind:form_id=\"30255\"><\/flo-form>\n    <input type=\"hidden\" name=\"flo_fid\" value=\"30255\">\n    <div class=\"flo overlay-loader\">\n      <div class=\"loader\"><div><\/div><div><\/div><div><\/div><div><\/div><div><\/div><div><\/div><div><\/div><\/div>\n    <\/div>\n    <div class=\"flo-response\"><\/div>\n    <div class=\"flo-response-error\"><\/div>\n  <\/form>\n<\/div>[\/et_pb_code][\/et_pb_column][\/et_pb_row][et_pb_row _builder_version=&#8221;4.2&#8243; border_width_all=&#8221;1px&#8221;][et_pb_column type=&#8221;4_4&#8243; _builder_version=&#8221;4.2&#8243;][\/et_pb_column][\/et_pb_row][\/et_pb_section]<\/p>\n","protected":false},"excerpt":{"rendered":"<p>[et_pb_section fb_built=&#8221;1&#8243; _builder_version=&#8221;4.2&#8243;][et_pb_row column_structure=&#8221;1_3,2_3&#8243; _builder_version=&#8221;4.2&#8243;][et_pb_column type=&#8221;1_3&#8243; _builder_version=&#8221;4.2&#8243;][et_pb_image src=&#8221;https:\/\/www.ecole-de-voile.ch\/wp-content\/uploads\/2020\/02\/IMAGE-SECOURS.png&#8221; _builder_version=&#8221;4.2&#8243; min_height=&#8221;285px&#8221; custom_padding=&#8221;||0px|||&#8221; border_width_all=&#8221;2px&#8221;][\/et_pb_image][\/et_pb_column][et_pb_column type=&#8221;2_3&#8243; _builder_version=&#8221;4.2&#8243;][et_pb_text _builder_version=&#8221;4.2&#8243; min_height=&#8221;316px&#8221;] COURS PREMIERS SECOURS Pour l\u2019obtention de votre permis mer, une attestation de premier secours est obligatoire ! Afin que cette formation soit utile, l\u2019Ecole de Voile d\u2019Ouchy vous propose en partenariat avec HEMOSTAZ SARL\u00a0DES COURS DE PREMIERS SECOURS valable [&hellip;]<\/p>\n","protected":false},"author":1,"featured_media":0,"parent":0,"menu_order":0,"comment_status":"closed","ping_status":"closed","template":"","meta":{"_et_pb_use_builder":"on","_et_pb_old_content":"","_et_gb_content_width":"","footnotes":""},"class_list":["post-28967","page","type-page","status-publish","hentry"],"yoast_head":"<!-- This site is optimized with the Yoast SEO plugin v27.5 - https:\/\/yoast.com\/product\/yoast-seo-wordpress\/ -->\n<title>COURS PREMIERS SECOURS - ECOLE DE VOILE D&#039;OUCHY<\/title>\n<meta name=\"description\" content=\"Cours premiers secours pour permis mer suisse. Certificat premiers secours et samaritain avec attestation valable 6 ans pour permis mer suisse\" \/>\n<meta name=\"robots\" content=\"index, follow, max-snippet:-1, max-image-preview:large, max-video-preview:-1\" \/>\n<link rel=\"canonical\" href=\"http:\/\/www.ecole-de-voile.ch\/en\/cours-premiers-secours\/\" \/>\n<meta property=\"og:locale\" content=\"en_GB\" \/>\n<meta property=\"og:type\" content=\"article\" \/>\n<meta property=\"og:title\" content=\"COURS PREMIERS SECOURS - ECOLE DE VOILE D&#039;OUCHY\" \/>\n<meta property=\"og:description\" content=\"Cours premiers secours pour permis mer suisse. Certificat premiers secours et samaritain avec attestation valable 6 ans pour permis mer suisse\" \/>\n<meta property=\"og:url\" content=\"http:\/\/www.ecole-de-voile.ch\/en\/cours-premiers-secours\/\" \/>\n<meta property=\"og:site_name\" content=\"ECOLE DE VOILE D&#039;OUCHY\" \/>\n<meta property=\"article:publisher\" content=\"https:\/\/www.facebook.com\/ecoledevoileouchy\/\" \/>\n<meta property=\"article:modified_time\" content=\"2026-03-03T08:51:42+00:00\" \/>\n<meta name=\"twitter:card\" content=\"summary_large_image\" \/>\n<meta name=\"twitter:label1\" content=\"Estimated reading time\" \/>\n\t<meta name=\"twitter:data1\" content=\"3 minutes\" \/>\n<script type=\"application\/ld+json\" class=\"yoast-schema-graph\">{\"@context\":\"https:\\\/\\\/schema.org\",\"@graph\":[{\"@type\":\"WebPage\",\"@id\":\"http:\\\/\\\/www.ecole-de-voile.ch\\\/cours-premiers-secours\\\/\",\"url\":\"http:\\\/\\\/www.ecole-de-voile.ch\\\/cours-premiers-secours\\\/\",\"name\":\"COURS PREMIERS SECOURS - ECOLE DE VOILE D&#039;OUCHY\",\"isPartOf\":{\"@id\":\"http:\\\/\\\/www.ecole-de-voile.ch\\\/#website\"},\"datePublished\":\"2020-02-03T16:09:56+00:00\",\"dateModified\":\"2026-03-03T08:51:42+00:00\",\"description\":\"Cours premiers secours pour permis mer suisse. Certificat premiers secours et samaritain avec attestation valable 6 ans pour permis mer suisse\",\"breadcrumb\":{\"@id\":\"http:\\\/\\\/www.ecole-de-voile.ch\\\/cours-premiers-secours\\\/#breadcrumb\"},\"inLanguage\":\"en-GB\",\"potentialAction\":[{\"@type\":\"ReadAction\",\"target\":[\"http:\\\/\\\/www.ecole-de-voile.ch\\\/cours-premiers-secours\\\/\"]}]},{\"@type\":\"BreadcrumbList\",\"@id\":\"http:\\\/\\\/www.ecole-de-voile.ch\\\/cours-premiers-secours\\\/#breadcrumb\",\"itemListElement\":[{\"@type\":\"ListItem\",\"position\":1,\"name\":\"Accueil\",\"item\":\"http:\\\/\\\/www.ecole-de-voile.ch\\\/\"},{\"@type\":\"ListItem\",\"position\":2,\"name\":\"COURS PREMIERS SECOURS\"}]},{\"@type\":\"WebSite\",\"@id\":\"http:\\\/\\\/www.ecole-de-voile.ch\\\/#website\",\"url\":\"http:\\\/\\\/www.ecole-de-voile.ch\\\/\",\"name\":\"ECOLE DE VOILE OUCHY\",\"description\":\"Du permis voile et moteur lac au permis mer !\",\"publisher\":{\"@id\":\"http:\\\/\\\/www.ecole-de-voile.ch\\\/#organization\"},\"potentialAction\":[{\"@type\":\"SearchAction\",\"target\":{\"@type\":\"EntryPoint\",\"urlTemplate\":\"http:\\\/\\\/www.ecole-de-voile.ch\\\/?s={search_term_string}\"},\"query-input\":{\"@type\":\"PropertyValueSpecification\",\"valueRequired\":true,\"valueName\":\"search_term_string\"}}],\"inLanguage\":\"en-GB\"},{\"@type\":\"Organization\",\"@id\":\"http:\\\/\\\/www.ecole-de-voile.ch\\\/#organization\",\"name\":\"Ecole de Voile d'Ouchy\",\"url\":\"http:\\\/\\\/www.ecole-de-voile.ch\\\/\",\"logo\":{\"@type\":\"ImageObject\",\"inLanguage\":\"en-GB\",\"@id\":\"http:\\\/\\\/www.ecole-de-voile.ch\\\/#\\\/schema\\\/logo\\\/image\\\/\",\"url\":\"http:\\\/\\\/www.ecole-de-voile.ch\\\/wp-content\\\/uploads\\\/2020\\\/02\\\/LOGO_NEW_ECOLE_SITE.png\",\"contentUrl\":\"http:\\\/\\\/www.ecole-de-voile.ch\\\/wp-content\\\/uploads\\\/2020\\\/02\\\/LOGO_NEW_ECOLE_SITE.png\",\"width\":1702,\"height\":196,\"caption\":\"Ecole de Voile d'Ouchy\"},\"image\":{\"@id\":\"http:\\\/\\\/www.ecole-de-voile.ch\\\/#\\\/schema\\\/logo\\\/image\\\/\"},\"sameAs\":[\"https:\\\/\\\/www.facebook.com\\\/ecoledevoileouchy\\\/\",\"https:\\\/\\\/www.instagram.com\\\/ecoledevoileouchy\\\/?hl=fr\"]}]}<\/script>\n<!-- \/ Yoast SEO plugin. -->","yoast_head_json":{"title":"COURS PREMIERS SECOURS - ECOLE DE VOILE D&#039;OUCHY","description":"Cours premiers secours pour permis mer suisse. Certificat premiers secours et samaritain avec attestation valable 6 ans pour permis mer suisse","robots":{"index":"index","follow":"follow","max-snippet":"max-snippet:-1","max-image-preview":"max-image-preview:large","max-video-preview":"max-video-preview:-1"},"canonical":"http:\/\/www.ecole-de-voile.ch\/en\/cours-premiers-secours\/","og_locale":"en_GB","og_type":"article","og_title":"COURS PREMIERS SECOURS - ECOLE DE VOILE D&#039;OUCHY","og_description":"Cours premiers secours pour permis mer suisse. Certificat premiers secours et samaritain avec attestation valable 6 ans pour permis mer suisse","og_url":"http:\/\/www.ecole-de-voile.ch\/en\/cours-premiers-secours\/","og_site_name":"ECOLE DE VOILE D&#039;OUCHY","article_publisher":"https:\/\/www.facebook.com\/ecoledevoileouchy\/","article_modified_time":"2026-03-03T08:51:42+00:00","twitter_card":"summary_large_image","twitter_misc":{"Estimated reading time":"3 minutes"},"schema":{"@context":"https:\/\/schema.org","@graph":[{"@type":"WebPage","@id":"http:\/\/www.ecole-de-voile.ch\/cours-premiers-secours\/","url":"http:\/\/www.ecole-de-voile.ch\/cours-premiers-secours\/","name":"COURS PREMIERS SECOURS - ECOLE DE VOILE D&#039;OUCHY","isPartOf":{"@id":"http:\/\/www.ecole-de-voile.ch\/#website"},"datePublished":"2020-02-03T16:09:56+00:00","dateModified":"2026-03-03T08:51:42+00:00","description":"Cours premiers secours pour permis mer suisse. Certificat premiers secours et samaritain avec attestation valable 6 ans pour permis mer suisse","breadcrumb":{"@id":"http:\/\/www.ecole-de-voile.ch\/cours-premiers-secours\/#breadcrumb"},"inLanguage":"en-GB","potentialAction":[{"@type":"ReadAction","target":["http:\/\/www.ecole-de-voile.ch\/cours-premiers-secours\/"]}]},{"@type":"BreadcrumbList","@id":"http:\/\/www.ecole-de-voile.ch\/cours-premiers-secours\/#breadcrumb","itemListElement":[{"@type":"ListItem","position":1,"name":"Accueil","item":"http:\/\/www.ecole-de-voile.ch\/"},{"@type":"ListItem","position":2,"name":"COURS PREMIERS SECOURS"}]},{"@type":"WebSite","@id":"http:\/\/www.ecole-de-voile.ch\/#website","url":"http:\/\/www.ecole-de-voile.ch\/","name":"ECOLE DE VOILE OUCHY","description":"Du permis voile et moteur lac au permis mer !","publisher":{"@id":"http:\/\/www.ecole-de-voile.ch\/#organization"},"potentialAction":[{"@type":"SearchAction","target":{"@type":"EntryPoint","urlTemplate":"http:\/\/www.ecole-de-voile.ch\/?s={search_term_string}"},"query-input":{"@type":"PropertyValueSpecification","valueRequired":true,"valueName":"search_term_string"}}],"inLanguage":"en-GB"},{"@type":"Organization","@id":"http:\/\/www.ecole-de-voile.ch\/#organization","name":"Ecole de Voile d'Ouchy","url":"http:\/\/www.ecole-de-voile.ch\/","logo":{"@type":"ImageObject","inLanguage":"en-GB","@id":"http:\/\/www.ecole-de-voile.ch\/#\/schema\/logo\/image\/","url":"http:\/\/www.ecole-de-voile.ch\/wp-content\/uploads\/2020\/02\/LOGO_NEW_ECOLE_SITE.png","contentUrl":"http:\/\/www.ecole-de-voile.ch\/wp-content\/uploads\/2020\/02\/LOGO_NEW_ECOLE_SITE.png","width":1702,"height":196,"caption":"Ecole de Voile d'Ouchy"},"image":{"@id":"http:\/\/www.ecole-de-voile.ch\/#\/schema\/logo\/image\/"},"sameAs":["https:\/\/www.facebook.com\/ecoledevoileouchy\/","https:\/\/www.instagram.com\/ecoledevoileouchy\/?hl=fr"]}]}},"_links":{"self":[{"href":"https:\/\/www.ecole-de-voile.ch\/en\/wp-json\/wp\/v2\/pages\/28967","targetHints":{"allow":["GET"]}}],"collection":[{"href":"https:\/\/www.ecole-de-voile.ch\/en\/wp-json\/wp\/v2\/pages"}],"about":[{"href":"https:\/\/www.ecole-de-voile.ch\/en\/wp-json\/wp\/v2\/types\/page"}],"author":[{"embeddable":true,"href":"https:\/\/www.ecole-de-voile.ch\/en\/wp-json\/wp\/v2\/users\/1"}],"replies":[{"embeddable":true,"href":"https:\/\/www.ecole-de-voile.ch\/en\/wp-json\/wp\/v2\/comments?post=28967"}],"version-history":[{"count":159,"href":"https:\/\/www.ecole-de-voile.ch\/en\/wp-json\/wp\/v2\/pages\/28967\/revisions"}],"predecessor-version":[{"id":1398412,"href":"https:\/\/www.ecole-de-voile.ch\/en\/wp-json\/wp\/v2\/pages\/28967\/revisions\/1398412"}],"wp:attachment":[{"href":"https:\/\/www.ecole-de-voile.ch\/en\/wp-json\/wp\/v2\/media?parent=28967"}],"curies":[{"name":"wp","href":"https:\/\/api.w.org\/{rel}","templated":true}]}}