{"id":29272,"date":"2020-02-12T14:09:09","date_gmt":"2020-02-12T13:09:09","guid":{"rendered":"http:\/\/www.ecole-de-voile.ch\/?page_id=29272"},"modified":"2021-12-24T09:55:52","modified_gmt":"2021-12-24T08:55:52","slug":"exemple_pmt_mypos","status":"publish","type":"page","link":"https:\/\/www.ecole-de-voile.ch\/en\/exemple_pmt_mypos\/","title":{"rendered":"EXEMPLE_PMT_MYPOS"},"content":{"rendered":"<p>[et_pb_section fb_built=&#8221;1&#8243; _builder_version=&#8221;4.2&#8243;][et_pb_row _builder_version=&#8221;4.2&#8243;][et_pb_column type=&#8221;4_4&#8243; _builder_version=&#8221;4.2&#8243;][et_pb_text _builder_version=&#8221;4.2&#8243;]<\/p>\n<p style=\"text-align: center;\"><strong>EXEMPLE DE PAIEMENT<\/strong><\/p>\n<p>Des dizaines de personnes utilisent notre syst\u00e8me de paiement via MyPos.<br \/> Pour vous aider, voici un exemple comment proc\u00e9der:<\/p>\n<p><strong>1. Choisissez l&#8217;article de votre choix<\/strong><\/p>\n<p><strong>2. Entrez le nom du titulaire de la carte<\/strong><\/p>\n<p><strong>3. Entrez votre adresse avec NPA et VILLE\u00a0 (ou celle \u00e0 laquelle vous souhaitez recevoir l&#8217;article)<\/strong><br \/> <strong>EXEMPLE: AV. DES FLEURS 55, 1006 LAUSANNE<br \/> <\/strong><\/p>\n<p><strong>4. Entrez votre adresse email (pour que nous puissions vous joindre)<\/strong><\/p>\n<p><b>5. S\u00e9lectionnez\u00a0l&#8217;indicatif (+41 pour la Suisse)\u00a0 puis entrez votre num\u00e9ro de t\u00e9l\u00e9phone (sans espace) pour que nous puissions vous joindre<\/b><br \/> <strong>EXEMPLE: +41781234567<\/strong><\/p>\n<p><strong>6. Entrez le num\u00e9ro de la carte ainsi que le mois (MM) et l&#8217;ann\u00e9e (YY) d&#8217;\u00e9ch\u00e9ance ainsi que le code de s\u00e9curit\u00e9 CVC<\/strong><\/p>\n<p><strong>7. Apr\u00e8s validation de votre paiement, merci de nous envoyer un e-mail*<\/strong><\/p>\n<p>*Apr\u00e8s la validation de votre paiement, il est indiqu\u00e9 sur la page si le paiement a \u00e9t\u00e9 accept\u00e9.<br \/> Si tel est le cas, vous ne RECEVREZ PAS de confirmation par email.<br \/> Nous vous contacterons pour la cr\u00e9ation de votre compte de r\u00e9servation des cours.<br \/> En cas de questions, n&#8217;h\u00e9sitez pas \u00e0 nous contacter.<\/p>\n<p>&nbsp;<\/p>\n<p style=\"text-align: center;\"><span style=\"font-size: x-large;\"><strong>VOICI CI-DESSOUS UN EXEMPLE<\/strong><\/span><\/p>\n<p>[\/et_pb_text][\/et_pb_column][\/et_pb_row][et_pb_row _builder_version=&#8221;4.2&#8243;][et_pb_column type=&#8221;4_4&#8243; _builder_version=&#8221;4.2&#8243;][et_pb_image src=&#8221;http:\/\/www.ecole-de-voile.ch\/wp-content\/uploads\/2021\/12\/Exemple-pmt-en-ligne.jpg&#8221; _builder_version=&#8221;4.2&#8243; hover_enabled=&#8221;0&#8243;][\/et_pb_image][\/et_pb_column][\/et_pb_row][\/et_pb_section]<\/p>\n","protected":false},"excerpt":{"rendered":"<p>[et_pb_section fb_built=&#8221;1&#8243; _builder_version=&#8221;4.2&#8243;][et_pb_row _builder_version=&#8221;4.2&#8243;][et_pb_column type=&#8221;4_4&#8243; _builder_version=&#8221;4.2&#8243;][et_pb_text _builder_version=&#8221;4.2&#8243;] EXEMPLE DE PAIEMENT Des dizaines de personnes utilisent notre syst\u00e8me de paiement via MyPos. Pour vous aider, voici un exemple comment proc\u00e9der: 1. Choisissez l&#8217;article de votre choix 2. Entrez le nom du titulaire de la carte 3. Entrez votre adresse avec NPA et VILLE\u00a0 (ou celle \u00e0 [&hellip;]<\/p>\n","protected":false},"author":1,"featured_media":0,"parent":0,"menu_order":0,"comment_status":"closed","ping_status":"closed","template":"","meta":{"_et_pb_use_builder":"on","_et_pb_old_content":"<!-- wp:paragraph -->\n<p> &lt;form action=\"https:\/\/www.mypos.eu\/vmp\/btn\/\" method=\"post\" target=\"_blank\">     &lt;input type=\"hidden\" name=\"button_id\" value=\"BSMEGYZ96VR59\"\/>     &lt;input type=\"image\" src=\"https:\/\/www.mypos.eu\/img\/vmypos\/sm\/btn-fr.png\" border=\"0\" name=\"submit\" alt=\"Pay\"\/> &lt;\/form> <\/p>\n<!-- \/wp:paragraph -->","_et_gb_content_width":"","footnotes":""},"class_list":["post-29272","page","type-page","status-publish","hentry"],"yoast_head":"<!-- This site is optimized with the Yoast SEO plugin v27.4 - https:\/\/yoast.com\/product\/yoast-seo-wordpress\/ -->\n<title>EXEMPLE_PMT_MYPOS - ECOLE DE VOILE D&#039;OUCHY<\/title>\n<meta name=\"description\" content=\"Apprenez \u00e0 naviguer en toute s\u00e9curit\u00e9 avec l&#039;\u00c9cole de Voile sur le lac L\u00e9man. Cours de voile et cours bateau moteur tous niveaux, encadrement professionnel et passion de la navigation.\" \/>\n<meta name=\"robots\" content=\"index, follow, max-snippet:-1, max-image-preview:large, max-video-preview:-1\" \/>\n<link rel=\"canonical\" href=\"https:\/\/www.ecole-de-voile.ch\/en\/exemple_pmt_mypos\/\" \/>\n<meta property=\"og:locale\" content=\"en_GB\" \/>\n<meta property=\"og:type\" content=\"article\" \/>\n<meta property=\"og:title\" content=\"EXEMPLE_PMT_MYPOS - ECOLE DE VOILE D&#039;OUCHY\" \/>\n<meta property=\"og:description\" content=\"Apprenez \u00e0 naviguer en toute s\u00e9curit\u00e9 avec l&#039;\u00c9cole de Voile sur le lac L\u00e9man. Cours de voile et cours bateau moteur tous niveaux, encadrement professionnel et passion de la navigation.\" \/>\n<meta property=\"og:url\" content=\"https:\/\/www.ecole-de-voile.ch\/en\/exemple_pmt_mypos\/\" \/>\n<meta property=\"og:site_name\" content=\"ECOLE DE VOILE D&#039;OUCHY\" \/>\n<meta property=\"article:publisher\" content=\"https:\/\/www.facebook.com\/ecoledevoileouchy\/\" \/>\n<meta property=\"article:modified_time\" content=\"2021-12-24T08:55:52+00:00\" \/>\n<meta name=\"twitter:card\" content=\"summary_large_image\" \/>\n<meta name=\"twitter:label1\" content=\"Estimated reading time\" \/>\n\t<meta name=\"twitter:data1\" content=\"1 minute\" \/>\n<script type=\"application\/ld+json\" class=\"yoast-schema-graph\">{\"@context\":\"https:\\\/\\\/schema.org\",\"@graph\":[{\"@type\":\"WebPage\",\"@id\":\"https:\\\/\\\/www.ecole-de-voile.ch\\\/exemple_pmt_mypos\\\/\",\"url\":\"https:\\\/\\\/www.ecole-de-voile.ch\\\/exemple_pmt_mypos\\\/\",\"name\":\"EXEMPLE_PMT_MYPOS - ECOLE DE VOILE D&#039;OUCHY\",\"isPartOf\":{\"@id\":\"https:\\\/\\\/www.ecole-de-voile.ch\\\/#website\"},\"datePublished\":\"2020-02-12T13:09:09+00:00\",\"dateModified\":\"2021-12-24T08:55:52+00:00\",\"description\":\"Apprenez \u00e0 naviguer en toute s\u00e9curit\u00e9 avec l'\u00c9cole de Voile sur le lac L\u00e9man. Cours de voile et cours bateau moteur tous niveaux, encadrement professionnel et passion de la navigation.\",\"breadcrumb\":{\"@id\":\"https:\\\/\\\/www.ecole-de-voile.ch\\\/exemple_pmt_mypos\\\/#breadcrumb\"},\"inLanguage\":\"en-GB\",\"potentialAction\":[{\"@type\":\"ReadAction\",\"target\":[\"https:\\\/\\\/www.ecole-de-voile.ch\\\/exemple_pmt_mypos\\\/\"]}]},{\"@type\":\"BreadcrumbList\",\"@id\":\"https:\\\/\\\/www.ecole-de-voile.ch\\\/exemple_pmt_mypos\\\/#breadcrumb\",\"itemListElement\":[{\"@type\":\"ListItem\",\"position\":1,\"name\":\"Accueil\",\"item\":\"https:\\\/\\\/www.ecole-de-voile.ch\\\/\"},{\"@type\":\"ListItem\",\"position\":2,\"name\":\"EXEMPLE_PMT_MYPOS\"}]},{\"@type\":\"WebSite\",\"@id\":\"https:\\\/\\\/www.ecole-de-voile.ch\\\/#website\",\"url\":\"https:\\\/\\\/www.ecole-de-voile.ch\\\/\",\"name\":\"ECOLE DE VOILE OUCHY\",\"description\":\"Du permis voile et moteur lac au permis mer !\",\"publisher\":{\"@id\":\"https:\\\/\\\/www.ecole-de-voile.ch\\\/#organization\"},\"potentialAction\":[{\"@type\":\"SearchAction\",\"target\":{\"@type\":\"EntryPoint\",\"urlTemplate\":\"https:\\\/\\\/www.ecole-de-voile.ch\\\/?s={search_term_string}\"},\"query-input\":{\"@type\":\"PropertyValueSpecification\",\"valueRequired\":true,\"valueName\":\"search_term_string\"}}],\"inLanguage\":\"en-GB\"},{\"@type\":\"Organization\",\"@id\":\"https:\\\/\\\/www.ecole-de-voile.ch\\\/#organization\",\"name\":\"Ecole de Voile d'Ouchy\",\"url\":\"https:\\\/\\\/www.ecole-de-voile.ch\\\/\",\"logo\":{\"@type\":\"ImageObject\",\"inLanguage\":\"en-GB\",\"@id\":\"https:\\\/\\\/www.ecole-de-voile.ch\\\/#\\\/schema\\\/logo\\\/image\\\/\",\"url\":\"http:\\\/\\\/www.ecole-de-voile.ch\\\/wp-content\\\/uploads\\\/2020\\\/02\\\/LOGO_NEW_ECOLE_SITE.png\",\"contentUrl\":\"http:\\\/\\\/www.ecole-de-voile.ch\\\/wp-content\\\/uploads\\\/2020\\\/02\\\/LOGO_NEW_ECOLE_SITE.png\",\"width\":1702,\"height\":196,\"caption\":\"Ecole de Voile d'Ouchy\"},\"image\":{\"@id\":\"https:\\\/\\\/www.ecole-de-voile.ch\\\/#\\\/schema\\\/logo\\\/image\\\/\"},\"sameAs\":[\"https:\\\/\\\/www.facebook.com\\\/ecoledevoileouchy\\\/\",\"https:\\\/\\\/www.instagram.com\\\/ecoledevoileouchy\\\/?hl=fr\"]}]}<\/script>\n<!-- \/ Yoast SEO plugin. -->","yoast_head_json":{"title":"EXEMPLE_PMT_MYPOS - ECOLE DE VOILE D&#039;OUCHY","description":"Apprenez \u00e0 naviguer en toute s\u00e9curit\u00e9 avec l'\u00c9cole de Voile sur le lac L\u00e9man. Cours de voile et cours bateau moteur tous niveaux, encadrement professionnel et passion de la navigation.","robots":{"index":"index","follow":"follow","max-snippet":"max-snippet:-1","max-image-preview":"max-image-preview:large","max-video-preview":"max-video-preview:-1"},"canonical":"https:\/\/www.ecole-de-voile.ch\/en\/exemple_pmt_mypos\/","og_locale":"en_GB","og_type":"article","og_title":"EXEMPLE_PMT_MYPOS - ECOLE DE VOILE D&#039;OUCHY","og_description":"Apprenez \u00e0 naviguer en toute s\u00e9curit\u00e9 avec l'\u00c9cole de Voile sur le lac L\u00e9man. Cours de voile et cours bateau moteur tous niveaux, encadrement professionnel et passion de la navigation.","og_url":"https:\/\/www.ecole-de-voile.ch\/en\/exemple_pmt_mypos\/","og_site_name":"ECOLE DE VOILE D&#039;OUCHY","article_publisher":"https:\/\/www.facebook.com\/ecoledevoileouchy\/","article_modified_time":"2021-12-24T08:55:52+00:00","twitter_card":"summary_large_image","twitter_misc":{"Estimated reading time":"1 minute"},"schema":{"@context":"https:\/\/schema.org","@graph":[{"@type":"WebPage","@id":"https:\/\/www.ecole-de-voile.ch\/exemple_pmt_mypos\/","url":"https:\/\/www.ecole-de-voile.ch\/exemple_pmt_mypos\/","name":"EXEMPLE_PMT_MYPOS - ECOLE DE VOILE D&#039;OUCHY","isPartOf":{"@id":"https:\/\/www.ecole-de-voile.ch\/#website"},"datePublished":"2020-02-12T13:09:09+00:00","dateModified":"2021-12-24T08:55:52+00:00","description":"Apprenez \u00e0 naviguer en toute s\u00e9curit\u00e9 avec l'\u00c9cole de Voile sur le lac L\u00e9man. Cours de voile et cours bateau moteur tous niveaux, encadrement professionnel et passion de la navigation.","breadcrumb":{"@id":"https:\/\/www.ecole-de-voile.ch\/exemple_pmt_mypos\/#breadcrumb"},"inLanguage":"en-GB","potentialAction":[{"@type":"ReadAction","target":["https:\/\/www.ecole-de-voile.ch\/exemple_pmt_mypos\/"]}]},{"@type":"BreadcrumbList","@id":"https:\/\/www.ecole-de-voile.ch\/exemple_pmt_mypos\/#breadcrumb","itemListElement":[{"@type":"ListItem","position":1,"name":"Accueil","item":"https:\/\/www.ecole-de-voile.ch\/"},{"@type":"ListItem","position":2,"name":"EXEMPLE_PMT_MYPOS"}]},{"@type":"WebSite","@id":"https:\/\/www.ecole-de-voile.ch\/#website","url":"https:\/\/www.ecole-de-voile.ch\/","name":"ECOLE DE VOILE OUCHY","description":"Du permis voile et moteur lac au permis mer !","publisher":{"@id":"https:\/\/www.ecole-de-voile.ch\/#organization"},"potentialAction":[{"@type":"SearchAction","target":{"@type":"EntryPoint","urlTemplate":"https:\/\/www.ecole-de-voile.ch\/?s={search_term_string}"},"query-input":{"@type":"PropertyValueSpecification","valueRequired":true,"valueName":"search_term_string"}}],"inLanguage":"en-GB"},{"@type":"Organization","@id":"https:\/\/www.ecole-de-voile.ch\/#organization","name":"Ecole de Voile d'Ouchy","url":"https:\/\/www.ecole-de-voile.ch\/","logo":{"@type":"ImageObject","inLanguage":"en-GB","@id":"https:\/\/www.ecole-de-voile.ch\/#\/schema\/logo\/image\/","url":"http:\/\/www.ecole-de-voile.ch\/wp-content\/uploads\/2020\/02\/LOGO_NEW_ECOLE_SITE.png","contentUrl":"http:\/\/www.ecole-de-voile.ch\/wp-content\/uploads\/2020\/02\/LOGO_NEW_ECOLE_SITE.png","width":1702,"height":196,"caption":"Ecole de Voile d'Ouchy"},"image":{"@id":"https:\/\/www.ecole-de-voile.ch\/#\/schema\/logo\/image\/"},"sameAs":["https:\/\/www.facebook.com\/ecoledevoileouchy\/","https:\/\/www.instagram.com\/ecoledevoileouchy\/?hl=fr"]}]}},"_links":{"self":[{"href":"https:\/\/www.ecole-de-voile.ch\/en\/wp-json\/wp\/v2\/pages\/29272","targetHints":{"allow":["GET"]}}],"collection":[{"href":"https:\/\/www.ecole-de-voile.ch\/en\/wp-json\/wp\/v2\/pages"}],"about":[{"href":"https:\/\/www.ecole-de-voile.ch\/en\/wp-json\/wp\/v2\/types\/page"}],"author":[{"embeddable":true,"href":"https:\/\/www.ecole-de-voile.ch\/en\/wp-json\/wp\/v2\/users\/1"}],"replies":[{"embeddable":true,"href":"https:\/\/www.ecole-de-voile.ch\/en\/wp-json\/wp\/v2\/comments?post=29272"}],"version-history":[{"count":10,"href":"https:\/\/www.ecole-de-voile.ch\/en\/wp-json\/wp\/v2\/pages\/29272\/revisions"}],"predecessor-version":[{"id":29965,"href":"https:\/\/www.ecole-de-voile.ch\/en\/wp-json\/wp\/v2\/pages\/29272\/revisions\/29965"}],"wp:attachment":[{"href":"https:\/\/www.ecole-de-voile.ch\/en\/wp-json\/wp\/v2\/media?parent=29272"}],"curies":[{"name":"wp","href":"https:\/\/api.w.org\/{rel}","templated":true}]}}