{"id":29706,"date":"2021-06-07T07:56:31","date_gmt":"2021-06-07T05:56:31","guid":{"rendered":"http:\/\/www.ecole-de-voile.ch\/?page_id=29706"},"modified":"2025-12-28T17:38:15","modified_gmt":"2025-12-28T16:38:15","slug":"validation-milles-nautiques","status":"publish","type":"page","link":"https:\/\/www.ecole-de-voile.ch\/en\/validation-milles-nautiques\/","title":{"rendered":"TRAINEESHIP AT SEA"},"content":{"rendered":"<p>[et_pb_section fb_built=&#8221;1&#8243; _builder_version=&#8221;4.2&#8243;][et_pb_row column_structure=&#8221;1_3,2_3&#8243; _builder_version=&#8221;4.2&#8243;][et_pb_column type=&#8221;1_3&#8243; _builder_version=&#8221;4.2&#8243;][et_pb_image src=&#8221;http:\/\/www.ecole-de-voile.ch\/wp-content\/uploads\/2022\/01\/EE18C5E5-12D2-4042-8710-DE1D2F5317EC-scaled.jpeg&#8221; _builder_version=&#8221;4.2&#8243; width=&#8221;100%&#8221; min_height=&#8221;217px&#8221; custom_padding=&#8221;||0px|||&#8221; border_width_all=&#8221;2px&#8221;][\/et_pb_image][\/et_pb_column][et_pb_column type=&#8221;2_3&#8243; _builder_version=&#8221;4.2&#8243;][et_pb_text _builder_version=&#8221;4.2&#8243; min_height=&#8221;316px&#8221;]<\/p>\n<div>\n<h1>NOS STAGES EN MER<\/h1>\n<h4>POUR LA VALIDATION DE VOS MILLES NAUTIQUES<br \/> OU D\u00c9COUVRIR LA NAVIGATION EN MER<\/h4>\n<h1><\/h1>\n<h1><\/h1>\n<p>D\u00e9couvrez ci-dessous nos STAGES EN MER pour vos vacances ou la validation de vos milles nautiques (avant ou apr\u00e8s la r\u00e9ussite de votre <span style=\"text-decoration: underline;\"><a href=\"https:\/\/www.ecole-de-voile.ch\/cours-permis-mer\/\">examen th\u00e9orique<\/a><\/span>).<\/p>\n<p><span style=\"text-decoration: underline;\"><strong>PR\u00c9REQUIS ET OBJECTIFS:<\/strong><\/span><\/p>\n<p>Aucun niveau pr\u00e9alable n&#8217;est requis. Que vous soyez d\u00e9butants ou confirm\u00e9s tout le monde est le bienvenu.\u00a0Le skipper\/formateur s&#8217;adapte \u00e0 chaque personne.<\/p>\n<p>L&#8217;objectif est d&#8217;apprendre \u00e0 devenir chef de bord afin que vous deveniez autonome lors d&#8217;une location ou deveniez propri\u00e9taire.<\/p>\n<p>Selon la m\u00e9t\u00e9o, et en accord avec le skipper et l&#8217;\u00e9quipage, le nombre de milles et l&#8217;itin\u00e9raire pourront varier. Les th\u00e8mes abord\u00e9s comprendront entre autre le pilotage, calcul de route, s\u00e9curit\u00e9, gestion de l&#8217;\u00e9nergie et de la vie \u00e0 bord, avitaillement, navigation de jour et de nuit, manoeuvres au port et au large, mouillages, etc&#8230;<\/p>\n<p>D\u00e9couvrez quelques photos et images r\u00e9alis\u00e9es lors du stage de P\u00e2ques 2023 en Italie \u00e0 bord du voilier &#8221;<strong><span style=\"text-decoration: underline;\"><a href=\"https:\/\/www.ecole-de-voile.ch\/les-vagabondages-de-la-marmotteuse\/?et_fb=1&amp;PageSpeed=off\">LA MARMOTTEUSE<\/a><\/span><\/strong>&#8221; et son skipper Marc-Andr\u00e9<\/p>\n<p>&nbsp;<\/p>\n<\/div>\n<div class=\"contributed_html\">\n<div class=\"row-fluid\">\n<div class=\"span12\">\n<p><a href=\"https:\/\/www.bakom.admin.ch\/bakom\/fr\/page-daccueil\/frequences-et-antennes\/examens-de-radiocommunication\/examens-de-radiocommunication-maritime.html#1411195847\" target=\"_blank\" data-original-title=\"\" rel=\"noopener noreferrer\"><\/a><\/p>\n<\/div>\n<\/div>\n<\/div>\n<p>[\/et_pb_text][\/et_pb_column][\/et_pb_row][et_pb_row _builder_version=&#8221;4.2&#8243;][et_pb_column type=&#8221;4_4&#8243; _builder_version=&#8221;4.2&#8243;][et_pb_button button_url=&#8221;@ET-DC@eyJkeW5hbWljIjp0cnVlLCJjb250ZW50IjoicG9zdF9saW5rX3VybF9wYWdlIiwic2V0dGluZ3MiOnsicG9zdF9pZCI6IjY5MDM0In19@&#8221; button_text=&#8221;D\u00c9COUVREZ NOS STAGES &#8221;AVEC LA MARMOTTEUSE&#8221; EN CLIQUANT-ICI&#8221; button_alignment=&#8221;center&#8221; _builder_version=&#8221;4.2&#8243; _dynamic_attributes=&#8221;button_url&#8221; custom_button=&#8221;on&#8221; button_text_color=&#8221;#e02b20&#8243; button_font=&#8221;||||on||||&#8221; hover_enabled=&#8221;0&#8243; button_bg_color=&#8221;#0da0c5&#8243; button_bg_enable_color=&#8221;on&#8221;][\/et_pb_button][\/et_pb_column][\/et_pb_row][et_pb_row _builder_version=&#8221;4.2&#8243;][et_pb_column type=&#8221;4_4&#8243; _builder_version=&#8221;4.2&#8243;][et_pb_text _builder_version=&#8221;4.2&#8243; min_height=&#8221;316px&#8221; border_width_all=&#8221;1px&#8221; border_color_all=&#8221;#000000&#8243;]<\/p>\n<div>\n<div>\n<h1>VALIDEZ VOS MILLES NAUTIQUES<\/h1>\n<h1><\/h1>\n<h1><\/h1>\n<p>Pour la validation de vos milles nautiques (avant ou apr\u00e8s la r\u00e9ussite de votre <span style=\"text-decoration: underline;\"><a href=\"https:\/\/www.ecole-de-voile.ch\/cours-permis-mer\/\">examen th\u00e9orique<\/a><\/span>) et en partenariat avec <strong><a href=\"https:\/\/www.voile-evasion.ch\/\" target=\"_blank\" rel=\"noopener noreferrer\">VOILE-EVASION.ch<\/a><\/strong>, une jeune entreprise SUISSE sp\u00e9cialiste de la location de voiliers et catamarans dans le monde entier, dispose d&#8217;<span style=\"font-size: 14px;\">un large r\u00e9seau de partenaires de confiance pour vos croisi\u00e8res de milles et autres formations et stages en mer.<\/span><\/p>\n<p><span style=\"font-size: 14px;\"><\/span><\/p>\n<\/div>\n<\/div>\n<div class=\"contributed_html\">\n<div class=\"row-fluid\">\n<div class=\"span12\">\n<p>Plusieurs stages sont propos\u00e9s gr\u00e2ce \u00e0 des partenaires actifs un peu partout. Certains proposent des stages en Bretagne, en Normandie et au sud de la France, soit \u00e0 quelques heures de voiture ou de train de la Suisse mais \u00e9galement en mer Eg\u00e9e.<\/p>\n<p>Parmi les voiliers sur lesquels vous pourrez naviguer, citons les Pogo 12.5, 30, 36, RM 1180, TS 42, Dufour 40 ou 45, Sun Fast 37, Gib Sea 128 ou 442.<\/p>\n<p>Contactez FABIENNE de la part de l&#8217;\u00e9cole de voile d&#8217;Ouchy &#8211; <strong><a href=\"https:\/\/www.voile-evasion.ch\/contact\/demande-de-devis\" target=\"_blank\" rel=\"noopener noreferrer\">CLIQUEZ-ICI<\/a><\/strong> &#8211; et demandez un devis personnalis\u00e9 \ud83d\ude42<\/p>\n<p>&nbsp;<\/p>\n<p><a href=\"https:\/\/www.bakom.admin.ch\/bakom\/fr\/page-daccueil\/frequences-et-antennes\/examens-de-radiocommunication\/examens-de-radiocommunication-maritime.html#1411195847\" target=\"_blank\" data-original-title=\"\" rel=\"noopener noreferrer\"><\/a><\/p>\n<\/div>\n<\/div>\n<\/div>\n<p>[\/et_pb_text][et_pb_text _builder_version=&#8221;4.2&#8243; border_color_all=&#8221;#000000&#8243;]<\/p>\n<h5><strong><span>Rappel des conditions pour l\u2019obtention du Permis Mer Suisse :<\/span><\/strong><\/h5>\n<div class=\"row-fluid\">\n<div class=\"span10\">\n<p><span>A partir du 1er mars 2007, le permis mer helv\u00e9tique est reconnu dans le monde entier, sans limite de zone de navigation ou de taille de bateau, pour tous les bateaux de plaisance n\u2019effectuant pas de course \u00e0 caract\u00e8re commercial. Il s\u2019appelle \u00ab Certificat international de conducteur de bateau de plaisance \u00bb ou \u00ab International Certificate for Operators of Pleasure Craft \u00bb.<\/span><\/p>\n<h5>Pour l\u2019obtenir il suffit :<\/h5>\n<ul>\n<li><span>D\u2019avoir le permis de conduire de bateaux cantonal (voile ou moteur) ou permis \u00e9quivalent,<\/span><\/li>\n<li><span>D\u2019effectuer les cours th\u00e9oriques du permis mer et r\u00e9ussir l\u2019examen th\u00e9orique<\/span><\/li>\n<li><span>D\u2019un certificat de capacit\u00e9 visuelle et de l\u2019ou\u00efe ainsi que le\u00a0<a href=\"https:\/\/www.ecole-de-voile.ch\/cours-premiers-secours\/\">certificat de premier secours<\/a>\u00a0(propos\u00e9 par l\u2019Ecole de Voile d\u2019Ouchy)<\/span><\/li>\n<li><span>D\u2019effectuer une pratique de plus de 1000 milles nautiques en mer avec un skipper comme suit:<\/span>\n<ol>\n<li><span>Pas d\u2019examen pratique. Vous devez remplir le journal de bord du CCS<\/span><\/li>\n<li><span>Les 1000 milles nautiques devront \u00eatre r\u00e9alis\u00e9s avec un skipper certifi\u00e9<\/span><\/li>\n<li><span>Vous devrez r\u00e9aliser vos milles nautiques durant 18 jours de navigation minimum\u00a0\u00a0<\/span><\/li>\n<li>Vous avez 4 ans pour totaliser les 1000 milles nautiques\u00a0<span>apr\u00e8s<\/span><span>\u00a0<\/span>la r\u00e9ussite de l\u2019examen th\u00e9orique<\/li>\n<li>Sachez que les 300 premiers milles nautiques effectu\u00e9s<span>\u00a0<\/span><span>4 ans avant<\/span><span>\u00a0<\/span>la r\u00e9ussite de l\u2019examen th\u00e9orique compteront pour l\u2019attestation finale des 1000 requis.<\/li>\n<\/ol>\n<\/li>\n<\/ul>\n<p>&nbsp;<\/p>\n<\/div>\n<\/div>\n<p>Pour plus d\u2019informations \u00e0 ce sujet :<span>\u00a0<\/span><a href=\"https:\/\/www.cruisingclub.ch\/fr\/permis-mer-pratique\" target=\"_blank\" rel=\"noopener noreferrer\">cliquez-ici<\/a><\/p>\n<p>[\/et_pb_text][\/et_pb_column][\/et_pb_row][et_pb_row _builder_version=&#8221;4.2&#8243;][et_pb_column type=&#8221;4_4&#8243; _builder_version=&#8221;4.2&#8243;][et_pb_button button_url=&#8221;@ET-DC@eyJkeW5hbWljIjp0cnVlLCJjb250ZW50IjoicG9zdF9saW5rX3VybF9wYWdlIiwic2V0dGluZ3MiOnsicG9zdF9pZCI6IjY5MDM0In19@&#8221; button_text=&#8221;D\u00c9COUVREZ NOS STAGES &#8221;AVEC LA MARMOTTEUSE&#8221; EN CLIQUANT-ICI&#8221; button_alignment=&#8221;center&#8221; _builder_version=&#8221;4.2&#8243; _dynamic_attributes=&#8221;button_url&#8221; custom_button=&#8221;on&#8221; button_text_color=&#8221;#e02b20&#8243; button_font=&#8221;||||on||||&#8221; hover_enabled=&#8221;0&#8243; button_bg_color=&#8221;#0da0c5&#8243; button_bg_enable_color=&#8221;on&#8221;][\/et_pb_button][\/et_pb_column][\/et_pb_row][\/et_pb_section]<\/p>\n","protected":false},"excerpt":{"rendered":"<p>[et_pb_section fb_built=&#8221;1&#8243; _builder_version=&#8221;4.2&#8243;][et_pb_row column_structure=&#8221;1_3,2_3&#8243; _builder_version=&#8221;4.2&#8243;][et_pb_column type=&#8221;1_3&#8243; _builder_version=&#8221;4.2&#8243;][et_pb_image src=&#8221;http:\/\/www.ecole-de-voile.ch\/wp-content\/uploads\/2022\/01\/EE18C5E5-12D2-4042-8710-DE1D2F5317EC-scaled.jpeg&#8221; _builder_version=&#8221;4.2&#8243; width=&#8221;100%&#8221; min_height=&#8221;217px&#8221; custom_padding=&#8221;||0px|||&#8221; border_width_all=&#8221;2px&#8221;][\/et_pb_image][\/et_pb_column][et_pb_column type=&#8221;2_3&#8243; _builder_version=&#8221;4.2&#8243;][et_pb_text _builder_version=&#8221;4.2&#8243; min_height=&#8221;316px&#8221;] NOS STAGES EN MER POUR LA VALIDATION DE VOS MILLES NAUTIQUES OU D\u00c9COUVRIR LA NAVIGATION EN MER D\u00e9couvrez ci-dessous nos STAGES EN MER pour vos vacances ou la validation de vos milles nautiques (avant ou apr\u00e8s la r\u00e9ussite [&hellip;]<\/p>\n","protected":false},"author":1,"featured_media":0,"parent":0,"menu_order":0,"comment_status":"closed","ping_status":"closed","template":"","meta":{"_et_pb_use_builder":"on","_et_pb_old_content":"","_et_gb_content_width":"","footnotes":""},"class_list":["post-29706","page","type-page","status-publish","hentry"],"yoast_head":"<!-- This site is optimized with the Yoast SEO plugin v27.5 - https:\/\/yoast.com\/product\/yoast-seo-wordpress\/ -->\n<title>STAGE EN MER - ECOLE DE VOILE D&#039;OUCHY<\/title>\n<meta name=\"description\" content=\"Cours RADIO VHF pour la pr\u00e9paration \u00e0 l&#039;examen du certificat SRC valable pour pavillon suisse\" \/>\n<meta name=\"robots\" content=\"index, follow, max-snippet:-1, max-image-preview:large, max-video-preview:-1\" \/>\n<link rel=\"canonical\" href=\"http:\/\/www.ecole-de-voile.ch\/en\/validation-milles-nautiques\/\" \/>\n<meta property=\"og:locale\" content=\"en_GB\" \/>\n<meta property=\"og:type\" content=\"article\" \/>\n<meta property=\"og:title\" content=\"STAGE EN MER - ECOLE DE VOILE D&#039;OUCHY\" \/>\n<meta property=\"og:description\" content=\"Cours RADIO VHF pour la pr\u00e9paration \u00e0 l&#039;examen du certificat SRC valable pour pavillon suisse\" \/>\n<meta property=\"og:url\" content=\"http:\/\/www.ecole-de-voile.ch\/en\/validation-milles-nautiques\/\" \/>\n<meta property=\"og:site_name\" content=\"ECOLE DE VOILE D&#039;OUCHY\" \/>\n<meta property=\"article:publisher\" content=\"https:\/\/www.facebook.com\/ecoledevoileouchy\/\" \/>\n<meta property=\"article:modified_time\" content=\"2025-12-28T16:38:15+00:00\" \/>\n<meta name=\"twitter:card\" content=\"summary_large_image\" \/>\n<meta name=\"twitter:label1\" content=\"Estimated reading time\" \/>\n\t<meta name=\"twitter:data1\" content=\"4 minutes\" \/>\n<script type=\"application\/ld+json\" class=\"yoast-schema-graph\">{\"@context\":\"https:\\\/\\\/schema.org\",\"@graph\":[{\"@type\":\"WebPage\",\"@id\":\"http:\\\/\\\/www.ecole-de-voile.ch\\\/validation-milles-nautiques\\\/\",\"url\":\"http:\\\/\\\/www.ecole-de-voile.ch\\\/validation-milles-nautiques\\\/\",\"name\":\"STAGE EN MER - ECOLE DE VOILE D&#039;OUCHY\",\"isPartOf\":{\"@id\":\"http:\\\/\\\/www.ecole-de-voile.ch\\\/#website\"},\"datePublished\":\"2021-06-07T05:56:31+00:00\",\"dateModified\":\"2025-12-28T16:38:15+00:00\",\"description\":\"Cours RADIO VHF pour la pr\u00e9paration \u00e0 l'examen du certificat SRC valable pour pavillon suisse\",\"breadcrumb\":{\"@id\":\"http:\\\/\\\/www.ecole-de-voile.ch\\\/validation-milles-nautiques\\\/#breadcrumb\"},\"inLanguage\":\"en-GB\",\"potentialAction\":[{\"@type\":\"ReadAction\",\"target\":[\"http:\\\/\\\/www.ecole-de-voile.ch\\\/validation-milles-nautiques\\\/\"]}]},{\"@type\":\"BreadcrumbList\",\"@id\":\"http:\\\/\\\/www.ecole-de-voile.ch\\\/validation-milles-nautiques\\\/#breadcrumb\",\"itemListElement\":[{\"@type\":\"ListItem\",\"position\":1,\"name\":\"Accueil\",\"item\":\"http:\\\/\\\/www.ecole-de-voile.ch\\\/\"},{\"@type\":\"ListItem\",\"position\":2,\"name\":\"STAGE EN MER\"}]},{\"@type\":\"WebSite\",\"@id\":\"http:\\\/\\\/www.ecole-de-voile.ch\\\/#website\",\"url\":\"http:\\\/\\\/www.ecole-de-voile.ch\\\/\",\"name\":\"ECOLE DE VOILE OUCHY\",\"description\":\"Du permis voile et moteur lac au permis mer !\",\"publisher\":{\"@id\":\"http:\\\/\\\/www.ecole-de-voile.ch\\\/#organization\"},\"potentialAction\":[{\"@type\":\"SearchAction\",\"target\":{\"@type\":\"EntryPoint\",\"urlTemplate\":\"http:\\\/\\\/www.ecole-de-voile.ch\\\/?s={search_term_string}\"},\"query-input\":{\"@type\":\"PropertyValueSpecification\",\"valueRequired\":true,\"valueName\":\"search_term_string\"}}],\"inLanguage\":\"en-GB\"},{\"@type\":\"Organization\",\"@id\":\"http:\\\/\\\/www.ecole-de-voile.ch\\\/#organization\",\"name\":\"Ecole de Voile d'Ouchy\",\"url\":\"http:\\\/\\\/www.ecole-de-voile.ch\\\/\",\"logo\":{\"@type\":\"ImageObject\",\"inLanguage\":\"en-GB\",\"@id\":\"http:\\\/\\\/www.ecole-de-voile.ch\\\/#\\\/schema\\\/logo\\\/image\\\/\",\"url\":\"http:\\\/\\\/www.ecole-de-voile.ch\\\/wp-content\\\/uploads\\\/2020\\\/02\\\/LOGO_NEW_ECOLE_SITE.png\",\"contentUrl\":\"http:\\\/\\\/www.ecole-de-voile.ch\\\/wp-content\\\/uploads\\\/2020\\\/02\\\/LOGO_NEW_ECOLE_SITE.png\",\"width\":1702,\"height\":196,\"caption\":\"Ecole de Voile d'Ouchy\"},\"image\":{\"@id\":\"http:\\\/\\\/www.ecole-de-voile.ch\\\/#\\\/schema\\\/logo\\\/image\\\/\"},\"sameAs\":[\"https:\\\/\\\/www.facebook.com\\\/ecoledevoileouchy\\\/\",\"https:\\\/\\\/www.instagram.com\\\/ecoledevoileouchy\\\/?hl=fr\"]}]}<\/script>\n<!-- \/ Yoast SEO plugin. -->","yoast_head_json":{"title":"STAGE EN MER - ECOLE DE VOILE D&#039;OUCHY","description":"Cours RADIO VHF pour la pr\u00e9paration \u00e0 l'examen du certificat SRC valable pour pavillon suisse","robots":{"index":"index","follow":"follow","max-snippet":"max-snippet:-1","max-image-preview":"max-image-preview:large","max-video-preview":"max-video-preview:-1"},"canonical":"http:\/\/www.ecole-de-voile.ch\/en\/validation-milles-nautiques\/","og_locale":"en_GB","og_type":"article","og_title":"STAGE EN MER - ECOLE DE VOILE D&#039;OUCHY","og_description":"Cours RADIO VHF pour la pr\u00e9paration \u00e0 l'examen du certificat SRC valable pour pavillon suisse","og_url":"http:\/\/www.ecole-de-voile.ch\/en\/validation-milles-nautiques\/","og_site_name":"ECOLE DE VOILE D&#039;OUCHY","article_publisher":"https:\/\/www.facebook.com\/ecoledevoileouchy\/","article_modified_time":"2025-12-28T16:38:15+00:00","twitter_card":"summary_large_image","twitter_misc":{"Estimated reading time":"4 minutes"},"schema":{"@context":"https:\/\/schema.org","@graph":[{"@type":"WebPage","@id":"http:\/\/www.ecole-de-voile.ch\/validation-milles-nautiques\/","url":"http:\/\/www.ecole-de-voile.ch\/validation-milles-nautiques\/","name":"STAGE EN MER - ECOLE DE VOILE D&#039;OUCHY","isPartOf":{"@id":"http:\/\/www.ecole-de-voile.ch\/#website"},"datePublished":"2021-06-07T05:56:31+00:00","dateModified":"2025-12-28T16:38:15+00:00","description":"Cours RADIO VHF pour la pr\u00e9paration \u00e0 l'examen du certificat SRC valable pour pavillon suisse","breadcrumb":{"@id":"http:\/\/www.ecole-de-voile.ch\/validation-milles-nautiques\/#breadcrumb"},"inLanguage":"en-GB","potentialAction":[{"@type":"ReadAction","target":["http:\/\/www.ecole-de-voile.ch\/validation-milles-nautiques\/"]}]},{"@type":"BreadcrumbList","@id":"http:\/\/www.ecole-de-voile.ch\/validation-milles-nautiques\/#breadcrumb","itemListElement":[{"@type":"ListItem","position":1,"name":"Accueil","item":"http:\/\/www.ecole-de-voile.ch\/"},{"@type":"ListItem","position":2,"name":"STAGE EN MER"}]},{"@type":"WebSite","@id":"http:\/\/www.ecole-de-voile.ch\/#website","url":"http:\/\/www.ecole-de-voile.ch\/","name":"ECOLE DE VOILE OUCHY","description":"Du permis voile et moteur lac au permis mer !","publisher":{"@id":"http:\/\/www.ecole-de-voile.ch\/#organization"},"potentialAction":[{"@type":"SearchAction","target":{"@type":"EntryPoint","urlTemplate":"http:\/\/www.ecole-de-voile.ch\/?s={search_term_string}"},"query-input":{"@type":"PropertyValueSpecification","valueRequired":true,"valueName":"search_term_string"}}],"inLanguage":"en-GB"},{"@type":"Organization","@id":"http:\/\/www.ecole-de-voile.ch\/#organization","name":"Ecole de Voile d'Ouchy","url":"http:\/\/www.ecole-de-voile.ch\/","logo":{"@type":"ImageObject","inLanguage":"en-GB","@id":"http:\/\/www.ecole-de-voile.ch\/#\/schema\/logo\/image\/","url":"http:\/\/www.ecole-de-voile.ch\/wp-content\/uploads\/2020\/02\/LOGO_NEW_ECOLE_SITE.png","contentUrl":"http:\/\/www.ecole-de-voile.ch\/wp-content\/uploads\/2020\/02\/LOGO_NEW_ECOLE_SITE.png","width":1702,"height":196,"caption":"Ecole de Voile d'Ouchy"},"image":{"@id":"http:\/\/www.ecole-de-voile.ch\/#\/schema\/logo\/image\/"},"sameAs":["https:\/\/www.facebook.com\/ecoledevoileouchy\/","https:\/\/www.instagram.com\/ecoledevoileouchy\/?hl=fr"]}]}},"_links":{"self":[{"href":"https:\/\/www.ecole-de-voile.ch\/en\/wp-json\/wp\/v2\/pages\/29706","targetHints":{"allow":["GET"]}}],"collection":[{"href":"https:\/\/www.ecole-de-voile.ch\/en\/wp-json\/wp\/v2\/pages"}],"about":[{"href":"https:\/\/www.ecole-de-voile.ch\/en\/wp-json\/wp\/v2\/types\/page"}],"author":[{"embeddable":true,"href":"https:\/\/www.ecole-de-voile.ch\/en\/wp-json\/wp\/v2\/users\/1"}],"replies":[{"embeddable":true,"href":"https:\/\/www.ecole-de-voile.ch\/en\/wp-json\/wp\/v2\/comments?post=29706"}],"version-history":[{"count":73,"href":"https:\/\/www.ecole-de-voile.ch\/en\/wp-json\/wp\/v2\/pages\/29706\/revisions"}],"predecessor-version":[{"id":1338059,"href":"https:\/\/www.ecole-de-voile.ch\/en\/wp-json\/wp\/v2\/pages\/29706\/revisions\/1338059"}],"wp:attachment":[{"href":"https:\/\/www.ecole-de-voile.ch\/en\/wp-json\/wp\/v2\/media?parent=29706"}],"curies":[{"name":"wp","href":"https:\/\/api.w.org\/{rel}","templated":true}]}}