{"id":61187,"date":"2023-02-13T14:56:38","date_gmt":"2023-02-13T13:56:38","guid":{"rendered":"https:\/\/www.ecole-de-voile.ch\/?page_id=61187"},"modified":"2026-03-16T08:51:01","modified_gmt":"2026-03-16T07:51:01","slug":"offre-demploi","status":"publish","type":"page","link":"https:\/\/www.ecole-de-voile.ch\/en\/offre-demploi\/","title":{"rendered":"Offres d&#8217;emploi"},"content":{"rendered":"<p>[et_pb_section fb_built=&#8221;1&#8243; _builder_version=&#8221;4.2&#8243;][et_pb_row _builder_version=&#8221;4.2&#8243; custom_padding=&#8221;||26px|||&#8221;][et_pb_column type=&#8221;4_4&#8243; _builder_version=&#8221;4.2&#8243;][et_pb_text _builder_version=&#8221;4.2&#8243; hover_enabled=&#8221;0&#8243;]<\/p>\n<h2 style=\"text-align: center;\"><strong>OFFRE D&#8217;EMPLOI<\/strong><\/h2>\n<p style=\"text-align: center;\"><strong>L\u2019\u00e9cole de Voile d\u2019Ouchy n&#8217;a pas de poste ouvert pour l&#8217;instant&#8230;<br \/> Toutefois, n&#8217;h\u00e9site pas \u00e0 nous soumettre ton CV nautique, on ne sait jamais&#8230;<br \/> Au plaisir et \u00e0 bientot,<br \/> Alex<\/strong><\/p>\n<p><strong><\/strong><\/p>\n<p>[\/et_pb_text][\/et_pb_column][\/et_pb_row][\/et_pb_section]<\/p>\n","protected":false},"excerpt":{"rendered":"<p>[et_pb_section fb_built=&#8221;1&#8243; _builder_version=&#8221;4.2&#8243;][et_pb_row _builder_version=&#8221;4.2&#8243; custom_padding=&#8221;||26px|||&#8221;][et_pb_column type=&#8221;4_4&#8243; _builder_version=&#8221;4.2&#8243;][et_pb_text _builder_version=&#8221;4.2&#8243; hover_enabled=&#8221;0&#8243;] OFFRE D&#8217;EMPLOI L\u2019\u00e9cole de Voile d\u2019Ouchy n&#8217;a pas de poste ouvert pour l&#8217;instant&#8230; Toutefois, n&#8217;h\u00e9site pas \u00e0 nous soumettre ton CV nautique, on ne sait jamais&#8230; Au plaisir et \u00e0 bientot, Alex [\/et_pb_text][\/et_pb_column][\/et_pb_row][\/et_pb_section]<\/p>\n","protected":false},"author":1,"featured_media":0,"parent":0,"menu_order":0,"comment_status":"closed","ping_status":"closed","template":"","meta":{"_et_pb_use_builder":"on","_et_pb_old_content":"","_et_gb_content_width":"","footnotes":""},"class_list":["post-61187","page","type-page","status-publish","hentry"],"yoast_head":"<!-- This site is optimized with the Yoast SEO plugin v27.2 - https:\/\/yoast.com\/product\/yoast-seo-wordpress\/ -->\n<title>Offres d&#039;emploi - ECOLE DE VOILE D&#039;OUCHY<\/title>\n<meta name=\"description\" content=\"Apprenez \u00e0 naviguer en toute s\u00e9curit\u00e9 avec l&#039;\u00c9cole de Voile sur le lac L\u00e9man. Cours de voile et cours bateau moteur tous niveaux, encadrement professionnel et passion de la navigation.\" \/>\n<meta name=\"robots\" content=\"index, follow, max-snippet:-1, max-image-preview:large, max-video-preview:-1\" \/>\n<link rel=\"canonical\" href=\"https:\/\/www.ecole-de-voile.ch\/en\/offre-demploi\/\" \/>\n<meta property=\"og:locale\" content=\"en_GB\" \/>\n<meta property=\"og:type\" content=\"article\" \/>\n<meta property=\"og:title\" content=\"Offres d&#039;emploi - ECOLE DE VOILE D&#039;OUCHY\" \/>\n<meta property=\"og:description\" content=\"Apprenez \u00e0 naviguer en toute s\u00e9curit\u00e9 avec l&#039;\u00c9cole de Voile sur le lac L\u00e9man. Cours de voile et cours bateau moteur tous niveaux, encadrement professionnel et passion de la navigation.\" \/>\n<meta property=\"og:url\" content=\"https:\/\/www.ecole-de-voile.ch\/en\/offre-demploi\/\" \/>\n<meta property=\"og:site_name\" content=\"ECOLE DE VOILE D&#039;OUCHY\" \/>\n<meta property=\"article:publisher\" content=\"https:\/\/www.facebook.com\/ecoledevoileouchy\/\" \/>\n<meta property=\"article:modified_time\" content=\"2026-03-16T07:51:01+00:00\" \/>\n<meta name=\"twitter:card\" content=\"summary_large_image\" \/>\n<script type=\"application\/ld+json\" class=\"yoast-schema-graph\">{\"@context\":\"https:\/\/schema.org\",\"@graph\":[{\"@type\":\"WebPage\",\"@id\":\"https:\/\/www.ecole-de-voile.ch\/offre-demploi\/\",\"url\":\"https:\/\/www.ecole-de-voile.ch\/offre-demploi\/\",\"name\":\"Offres d'emploi - ECOLE DE VOILE D&#039;OUCHY\",\"isPartOf\":{\"@id\":\"http:\/\/www.ecole-de-voile.ch\/#website\"},\"datePublished\":\"2023-02-13T13:56:38+00:00\",\"dateModified\":\"2026-03-16T07:51:01+00:00\",\"description\":\"Apprenez \u00e0 naviguer en toute s\u00e9curit\u00e9 avec l'\u00c9cole de Voile sur le lac L\u00e9man. Cours de voile et cours bateau moteur tous niveaux, encadrement professionnel et passion de la navigation.\",\"breadcrumb\":{\"@id\":\"https:\/\/www.ecole-de-voile.ch\/offre-demploi\/#breadcrumb\"},\"inLanguage\":\"en-GB\",\"potentialAction\":[{\"@type\":\"ReadAction\",\"target\":[\"https:\/\/www.ecole-de-voile.ch\/offre-demploi\/\"]}]},{\"@type\":\"BreadcrumbList\",\"@id\":\"https:\/\/www.ecole-de-voile.ch\/offre-demploi\/#breadcrumb\",\"itemListElement\":[{\"@type\":\"ListItem\",\"position\":1,\"name\":\"Accueil\",\"item\":\"https:\/\/www.ecole-de-voile.ch\/\"},{\"@type\":\"ListItem\",\"position\":2,\"name\":\"Offres d&#8217;emploi\"}]},{\"@type\":\"WebSite\",\"@id\":\"http:\/\/www.ecole-de-voile.ch\/#website\",\"url\":\"http:\/\/www.ecole-de-voile.ch\/\",\"name\":\"ECOLE DE VOILE OUCHY\",\"description\":\"Du permis voile et moteur lac au permis mer !\",\"publisher\":{\"@id\":\"http:\/\/www.ecole-de-voile.ch\/#organization\"},\"potentialAction\":[{\"@type\":\"SearchAction\",\"target\":{\"@type\":\"EntryPoint\",\"urlTemplate\":\"http:\/\/www.ecole-de-voile.ch\/?s={search_term_string}\"},\"query-input\":{\"@type\":\"PropertyValueSpecification\",\"valueRequired\":true,\"valueName\":\"search_term_string\"}}],\"inLanguage\":\"en-GB\"},{\"@type\":\"Organization\",\"@id\":\"http:\/\/www.ecole-de-voile.ch\/#organization\",\"name\":\"Ecole de Voile d'Ouchy\",\"url\":\"http:\/\/www.ecole-de-voile.ch\/\",\"logo\":{\"@type\":\"ImageObject\",\"inLanguage\":\"en-GB\",\"@id\":\"http:\/\/www.ecole-de-voile.ch\/#\/schema\/logo\/image\/\",\"url\":\"http:\/\/www.ecole-de-voile.ch\/wp-content\/uploads\/2020\/02\/LOGO_NEW_ECOLE_SITE.png\",\"contentUrl\":\"http:\/\/www.ecole-de-voile.ch\/wp-content\/uploads\/2020\/02\/LOGO_NEW_ECOLE_SITE.png\",\"width\":1702,\"height\":196,\"caption\":\"Ecole de Voile d'Ouchy\"},\"image\":{\"@id\":\"http:\/\/www.ecole-de-voile.ch\/#\/schema\/logo\/image\/\"},\"sameAs\":[\"https:\/\/www.facebook.com\/ecoledevoileouchy\/\",\"https:\/\/www.instagram.com\/ecoledevoileouchy\/?hl=fr\"]}]}<\/script>\n<!-- \/ Yoast SEO plugin. -->","yoast_head_json":{"title":"Offres d'emploi - ECOLE DE VOILE D&#039;OUCHY","description":"Apprenez \u00e0 naviguer en toute s\u00e9curit\u00e9 avec l'\u00c9cole de Voile sur le lac L\u00e9man. Cours de voile et cours bateau moteur tous niveaux, encadrement professionnel et passion de la navigation.","robots":{"index":"index","follow":"follow","max-snippet":"max-snippet:-1","max-image-preview":"max-image-preview:large","max-video-preview":"max-video-preview:-1"},"canonical":"https:\/\/www.ecole-de-voile.ch\/en\/offre-demploi\/","og_locale":"en_GB","og_type":"article","og_title":"Offres d'emploi - ECOLE DE VOILE D&#039;OUCHY","og_description":"Apprenez \u00e0 naviguer en toute s\u00e9curit\u00e9 avec l'\u00c9cole de Voile sur le lac L\u00e9man. Cours de voile et cours bateau moteur tous niveaux, encadrement professionnel et passion de la navigation.","og_url":"https:\/\/www.ecole-de-voile.ch\/en\/offre-demploi\/","og_site_name":"ECOLE DE VOILE D&#039;OUCHY","article_publisher":"https:\/\/www.facebook.com\/ecoledevoileouchy\/","article_modified_time":"2026-03-16T07:51:01+00:00","twitter_card":"summary_large_image","schema":{"@context":"https:\/\/schema.org","@graph":[{"@type":"WebPage","@id":"https:\/\/www.ecole-de-voile.ch\/offre-demploi\/","url":"https:\/\/www.ecole-de-voile.ch\/offre-demploi\/","name":"Offres d'emploi - ECOLE DE VOILE D&#039;OUCHY","isPartOf":{"@id":"http:\/\/www.ecole-de-voile.ch\/#website"},"datePublished":"2023-02-13T13:56:38+00:00","dateModified":"2026-03-16T07:51:01+00:00","description":"Apprenez \u00e0 naviguer en toute s\u00e9curit\u00e9 avec l'\u00c9cole de Voile sur le lac L\u00e9man. Cours de voile et cours bateau moteur tous niveaux, encadrement professionnel et passion de la navigation.","breadcrumb":{"@id":"https:\/\/www.ecole-de-voile.ch\/offre-demploi\/#breadcrumb"},"inLanguage":"en-GB","potentialAction":[{"@type":"ReadAction","target":["https:\/\/www.ecole-de-voile.ch\/offre-demploi\/"]}]},{"@type":"BreadcrumbList","@id":"https:\/\/www.ecole-de-voile.ch\/offre-demploi\/#breadcrumb","itemListElement":[{"@type":"ListItem","position":1,"name":"Accueil","item":"https:\/\/www.ecole-de-voile.ch\/"},{"@type":"ListItem","position":2,"name":"Offres d&#8217;emploi"}]},{"@type":"WebSite","@id":"http:\/\/www.ecole-de-voile.ch\/#website","url":"http:\/\/www.ecole-de-voile.ch\/","name":"ECOLE DE VOILE OUCHY","description":"Du permis voile et moteur lac au permis mer !","publisher":{"@id":"http:\/\/www.ecole-de-voile.ch\/#organization"},"potentialAction":[{"@type":"SearchAction","target":{"@type":"EntryPoint","urlTemplate":"http:\/\/www.ecole-de-voile.ch\/?s={search_term_string}"},"query-input":{"@type":"PropertyValueSpecification","valueRequired":true,"valueName":"search_term_string"}}],"inLanguage":"en-GB"},{"@type":"Organization","@id":"http:\/\/www.ecole-de-voile.ch\/#organization","name":"Ecole de Voile d'Ouchy","url":"http:\/\/www.ecole-de-voile.ch\/","logo":{"@type":"ImageObject","inLanguage":"en-GB","@id":"http:\/\/www.ecole-de-voile.ch\/#\/schema\/logo\/image\/","url":"http:\/\/www.ecole-de-voile.ch\/wp-content\/uploads\/2020\/02\/LOGO_NEW_ECOLE_SITE.png","contentUrl":"http:\/\/www.ecole-de-voile.ch\/wp-content\/uploads\/2020\/02\/LOGO_NEW_ECOLE_SITE.png","width":1702,"height":196,"caption":"Ecole de Voile d'Ouchy"},"image":{"@id":"http:\/\/www.ecole-de-voile.ch\/#\/schema\/logo\/image\/"},"sameAs":["https:\/\/www.facebook.com\/ecoledevoileouchy\/","https:\/\/www.instagram.com\/ecoledevoileouchy\/?hl=fr"]}]}},"_links":{"self":[{"href":"https:\/\/www.ecole-de-voile.ch\/en\/wp-json\/wp\/v2\/pages\/61187","targetHints":{"allow":["GET"]}}],"collection":[{"href":"https:\/\/www.ecole-de-voile.ch\/en\/wp-json\/wp\/v2\/pages"}],"about":[{"href":"https:\/\/www.ecole-de-voile.ch\/en\/wp-json\/wp\/v2\/types\/page"}],"author":[{"embeddable":true,"href":"https:\/\/www.ecole-de-voile.ch\/en\/wp-json\/wp\/v2\/users\/1"}],"replies":[{"embeddable":true,"href":"https:\/\/www.ecole-de-voile.ch\/en\/wp-json\/wp\/v2\/comments?post=61187"}],"version-history":[{"count":95,"href":"https:\/\/www.ecole-de-voile.ch\/en\/wp-json\/wp\/v2\/pages\/61187\/revisions"}],"predecessor-version":[{"id":1401484,"href":"https:\/\/www.ecole-de-voile.ch\/en\/wp-json\/wp\/v2\/pages\/61187\/revisions\/1401484"}],"wp:attachment":[{"href":"https:\/\/www.ecole-de-voile.ch\/en\/wp-json\/wp\/v2\/media?parent=61187"}],"curies":[{"name":"wp","href":"https:\/\/api.w.org\/{rel}","templated":true}]}}